{"id":2246,"date":"2025-07-29T10:46:12","date_gmt":"2025-07-29T08:46:12","guid":{"rendered":"https:\/\/www.dukas-partizanske.sk\/?page_id=2246"},"modified":"2025-07-29T10:46:15","modified_gmt":"2025-07-29T08:46:15","slug":"priestor-1-np-18-m2","status":"publish","type":"page","link":"https:\/\/www.dukas-partizanske.sk\/?page_id=2246","title":{"rendered":"Priestor 1. NP &#8211; 18 m2"},"content":{"rendered":"\n<div class=\"wp-block-cover\" style=\"min-height:359px;aspect-ratio:unset;\"><img fetchpriority=\"high\" decoding=\"async\" width=\"300\" height=\"200\" class=\"wp-block-cover__image-background wp-image-2247 size-medium\" alt=\"\" src=\"https:\/\/www.dukas-partizanske.sk\/wp-content\/uploads\/2025\/07\/priestor_garm-300x200.jpg\" style=\"object-position:51% 54%\" data-object-fit=\"cover\" data-object-position=\"51% 54%\" srcset=\"https:\/\/www.dukas-partizanske.sk\/wp-content\/uploads\/2025\/07\/priestor_garm-300x200.jpg 300w, https:\/\/www.dukas-partizanske.sk\/wp-content\/uploads\/2025\/07\/priestor_garm-1024x683.jpg 1024w, https:\/\/www.dukas-partizanske.sk\/wp-content\/uploads\/2025\/07\/priestor_garm-768x512.jpg 768w, https:\/\/www.dukas-partizanske.sk\/wp-content\/uploads\/2025\/07\/priestor_garm.jpg 1536w\" sizes=\"(max-width: 300px) 100vw, 300px\" \/><span aria-hidden=\"true\" class=\"wp-block-cover__background has-background-dim\"><\/span><div class=\"wp-block-cover__inner-container is-layout-flow wp-block-cover-is-layout-flow\">\n<p class=\"has-text-align-center has-large-font-size\">18 m2<\/p>\n\n\n\n<p><\/p>\n<\/div><\/div>\n\n\n\n<p>Dovo\u013eujeme si V\u00e1m pon\u00faknu\u0165 vo\u013en\u00fd kancel\u00e1rsky priestor v obchodnom centre KASKADA v Partiz\u00e1nskom, ktor\u00fd sa nach\u00e1dza na Hrn\u010dir\u00edkovej ulici. Ve\u013ekos\u0165 priestoru je 18 metrov \u0161tvorcov\u00fdch. Jeho nespornou v\u00fdhodou je klimatiza\u010dn\u00e1 jednotka.<\/p>\n\n\n\n<h3 class=\"wp-block-heading\"><strong>\u0160pecifik\u00e1cie Priestoru:<\/strong><\/h3>\n\n\n\n<ul class=\"wp-block-list\">\n<li><strong>Ve\u013ekos\u0165:<\/strong> 18 m2<\/li>\n\n\n\n<li><strong>Poschodie:<\/strong> 1. poschodie<\/li>\n\n\n\n<li><strong>Klimatiza\u010dn\u00e1 jednotka<\/strong><\/li>\n<\/ul>\n\n\n\n<h3 class=\"wp-block-heading\"><strong>Vybavenie:<\/strong><\/h3>\n\n\n\n<ul class=\"wp-block-list\">\n<li><strong>Podlaha:<\/strong> Pl\u00e1vaj\u00faca podlaha<\/li>\n\n\n\n<li><strong>Osvetlenie:<\/strong> Ne\u00f3nov\u00e9 kazetov\u00e9 svietidl\u00e1 zais\u0165uj\u00fa dostatok svetla pre va\u0161e pracovn\u00e9 \u00falohy a vytv\u00e1raj\u00fa pr\u00edjemn\u00fa atmosf\u00e9ru.<\/li>\n\n\n\n<li>Farba stien: z\u00e1kladn\u00e1 biela<\/li>\n<\/ul>\n\n\n\n<h3 class=\"wp-block-heading\"><strong>S\u00fakromie:<\/strong><\/h3>\n\n\n\n<ul class=\"wp-block-list\">\n<li><strong>Poz\u00edcia Priestoru:<\/strong> V\u00fdhodou tohto priestoru je jeho poloha, ktor\u00e9 zabezpe\u010duje vysok\u00fa mieru s\u00fakromia.<\/li>\n<\/ul>\n\n\n\n<h3 class=\"wp-block-heading\"><strong>V\u00fdhody Priestoru<\/strong><\/h3>\n\n\n\n<ul class=\"wp-block-list\">\n<li><strong>\u00datuln\u00e9 Pracovn\u00e9 Prostredie:<\/strong> V\u00fdhodou priestoru je poloha priestoru, klimatiza\u010dn\u00e1 jednotka a lokalita budovy<\/li>\n\n\n\n<li><strong>Optim\u00e1lna Ve\u013ekos\u0165:<\/strong> S rozlohou 18 m2 m\u00e1te dostatok priestoru pre efekt\u00edvne fungovanie v\u00e1\u0161ho podnikania.<\/li>\n<\/ul>\n\n\n\n<h3 class=\"wp-block-heading\"><strong>Ide\u00e1lna Vo\u013eba Pre Va\u0161e Podnikanie:<\/strong><\/h3>\n\n\n\n<p>Pre viac inform\u00e1ci\u00ed alebo na zabezpe\u010denie prehliadky tohto kancel\u00e1rskeho priestoru na pren\u00e1jom n\u00e1s nev\u00e1hajte kontaktova\u0165. Te\u0161\u00edme sa na v\u00e1s!<\/p>\n\n\n\n<figure class=\"wp-block-gallery has-nested-images columns-default is-cropped wp-block-gallery-1 is-layout-flex wp-block-gallery-is-layout-flex\">\n<figure data-wp-context=\"{&quot;imageId&quot;:&quot;69f1a7be81d07&quot;}\" data-wp-interactive=\"core\/image\" data-wp-key=\"69f1a7be81d07\" class=\"wp-block-image size-large wp-lightbox-container\"><img decoding=\"async\" width=\"1024\" height=\"683\" data-wp-class--hide=\"state.isContentHidden\" data-wp-class--show=\"state.isContentVisible\" data-wp-init=\"callbacks.setButtonStyles\" data-wp-on--click=\"actions.showLightbox\" data-wp-on--load=\"callbacks.setButtonStyles\" data-wp-on-window--resize=\"callbacks.setButtonStyles\" data-id=\"2248\" src=\"https:\/\/www.dukas-partizanske.sk\/wp-content\/uploads\/2025\/07\/priestor_garm_1-1024x683.jpg\" alt=\"\" class=\"wp-image-2248\" srcset=\"https:\/\/www.dukas-partizanske.sk\/wp-content\/uploads\/2025\/07\/priestor_garm_1-1024x683.jpg 1024w, https:\/\/www.dukas-partizanske.sk\/wp-content\/uploads\/2025\/07\/priestor_garm_1-300x200.jpg 300w, https:\/\/www.dukas-partizanske.sk\/wp-content\/uploads\/2025\/07\/priestor_garm_1-768x512.jpg 768w, https:\/\/www.dukas-partizanske.sk\/wp-content\/uploads\/2025\/07\/priestor_garm_1.jpg 1536w\" sizes=\"(max-width: 1024px) 100vw, 1024px\" \/><button\n\t\t\tclass=\"lightbox-trigger\"\n\t\t\ttype=\"button\"\n\t\t\taria-haspopup=\"dialog\"\n\t\t\taria-label=\"Zv\u00e4\u010d\u0161i\u0165\"\n\t\t\tdata-wp-init=\"callbacks.initTriggerButton\"\n\t\t\tdata-wp-on--click=\"actions.showLightbox\"\n\t\t\tdata-wp-style--right=\"state.imageButtonRight\"\n\t\t\tdata-wp-style--top=\"state.imageButtonTop\"\n\t\t>\n\t\t\t<svg xmlns=\"http:\/\/www.w3.org\/2000\/svg\" width=\"12\" height=\"12\" fill=\"none\" viewBox=\"0 0 12 12\">\n\t\t\t\t<path fill=\"#fff\" d=\"M2 0a2 2 0 0 0-2 2v2h1.5V2a.5.5 0 0 1 .5-.5h2V0H2Zm2 10.5H2a.5.5 0 0 1-.5-.5V8H0v2a2 2 0 0 0 2 2h2v-1.5ZM8 12v-1.5h2a.5.5 0 0 0 .5-.5V8H12v2a2 2 0 0 1-2 2H8Zm2-12a2 2 0 0 1 2 2v2h-1.5V2a.5.5 0 0 0-.5-.5H8V0h2Z\" \/>\n\t\t\t<\/svg>\n\t\t<\/button><\/figure>\n<\/figure>\n\n\n\n<figure class=\"wp-block-gallery has-nested-images columns-default is-cropped wp-block-gallery-2 is-layout-flex wp-block-gallery-is-layout-flex\">\n<figure class=\"wp-block-image size-large\"><img decoding=\"async\" width=\"462\" height=\"1024\" data-id=\"2131\" src=\"https:\/\/www.dukas-partizanske.sk\/wp-content\/uploads\/2024\/09\/IMG_20240917_084445-462x1024.jpg\" alt=\"\" class=\"wp-image-2131\" srcset=\"https:\/\/www.dukas-partizanske.sk\/wp-content\/uploads\/2024\/09\/IMG_20240917_084445-462x1024.jpg 462w, https:\/\/www.dukas-partizanske.sk\/wp-content\/uploads\/2024\/09\/IMG_20240917_084445-135x300.jpg 135w, https:\/\/www.dukas-partizanske.sk\/wp-content\/uploads\/2024\/09\/IMG_20240917_084445-768x1703.jpg 768w, https:\/\/www.dukas-partizanske.sk\/wp-content\/uploads\/2024\/09\/IMG_20240917_084445-693x1536.jpg 693w, https:\/\/www.dukas-partizanske.sk\/wp-content\/uploads\/2024\/09\/IMG_20240917_084445-924x2048.jpg 924w, https:\/\/www.dukas-partizanske.sk\/wp-content\/uploads\/2024\/09\/IMG_20240917_084445-scaled.jpg 1155w\" sizes=\"(max-width: 462px) 100vw, 462px\" \/><figcaption class=\"wp-element-caption\">Chodba 1 poschodie<\/figcaption><\/figure>\n\n\n\n<figure class=\"wp-block-image size-large\"><img loading=\"lazy\" decoding=\"async\" width=\"462\" height=\"1024\" data-id=\"2130\" src=\"https:\/\/www.dukas-partizanske.sk\/wp-content\/uploads\/2024\/09\/IMG_20240917_084418-462x1024.jpg\" alt=\"\" class=\"wp-image-2130\" srcset=\"https:\/\/www.dukas-partizanske.sk\/wp-content\/uploads\/2024\/09\/IMG_20240917_084418-462x1024.jpg 462w, https:\/\/www.dukas-partizanske.sk\/wp-content\/uploads\/2024\/09\/IMG_20240917_084418-135x300.jpg 135w, https:\/\/www.dukas-partizanske.sk\/wp-content\/uploads\/2024\/09\/IMG_20240917_084418-768x1703.jpg 768w, https:\/\/www.dukas-partizanske.sk\/wp-content\/uploads\/2024\/09\/IMG_20240917_084418-693x1536.jpg 693w, https:\/\/www.dukas-partizanske.sk\/wp-content\/uploads\/2024\/09\/IMG_20240917_084418-924x2048.jpg 924w, https:\/\/www.dukas-partizanske.sk\/wp-content\/uploads\/2024\/09\/IMG_20240917_084418-scaled.jpg 1155w\" sizes=\"(max-width: 462px) 100vw, 462px\" \/><\/figure>\n\n\n\n<figure class=\"wp-block-image size-large\"><img loading=\"lazy\" decoding=\"async\" width=\"462\" height=\"1024\" data-id=\"2129\" src=\"https:\/\/www.dukas-partizanske.sk\/wp-content\/uploads\/2024\/09\/IMG_20240917_084414-462x1024.jpg\" alt=\"\" class=\"wp-image-2129\" srcset=\"https:\/\/www.dukas-partizanske.sk\/wp-content\/uploads\/2024\/09\/IMG_20240917_084414-462x1024.jpg 462w, https:\/\/www.dukas-partizanske.sk\/wp-content\/uploads\/2024\/09\/IMG_20240917_084414-135x300.jpg 135w, https:\/\/www.dukas-partizanske.sk\/wp-content\/uploads\/2024\/09\/IMG_20240917_084414-768x1703.jpg 768w, https:\/\/www.dukas-partizanske.sk\/wp-content\/uploads\/2024\/09\/IMG_20240917_084414-693x1536.jpg 693w, https:\/\/www.dukas-partizanske.sk\/wp-content\/uploads\/2024\/09\/IMG_20240917_084414-924x2048.jpg 924w, https:\/\/www.dukas-partizanske.sk\/wp-content\/uploads\/2024\/09\/IMG_20240917_084414-scaled.jpg 1155w\" sizes=\"(max-width: 462px) 100vw, 462px\" \/><figcaption class=\"wp-element-caption\">Chodba &#8211; schodisko<\/figcaption><\/figure>\n\n\n\n<figure class=\"wp-block-image size-large\"><img loading=\"lazy\" decoding=\"async\" width=\"462\" height=\"1024\" data-id=\"2128\" src=\"https:\/\/www.dukas-partizanske.sk\/wp-content\/uploads\/2024\/09\/IMG_20240917_084356-462x1024.jpg\" alt=\"Kancel\u00e1rsky priestor \" class=\"wp-image-2128\" srcset=\"https:\/\/www.dukas-partizanske.sk\/wp-content\/uploads\/2024\/09\/IMG_20240917_084356-462x1024.jpg 462w, https:\/\/www.dukas-partizanske.sk\/wp-content\/uploads\/2024\/09\/IMG_20240917_084356-135x300.jpg 135w, https:\/\/www.dukas-partizanske.sk\/wp-content\/uploads\/2024\/09\/IMG_20240917_084356-768x1703.jpg 768w, https:\/\/www.dukas-partizanske.sk\/wp-content\/uploads\/2024\/09\/IMG_20240917_084356-693x1536.jpg 693w, https:\/\/www.dukas-partizanske.sk\/wp-content\/uploads\/2024\/09\/IMG_20240917_084356-924x2048.jpg 924w, https:\/\/www.dukas-partizanske.sk\/wp-content\/uploads\/2024\/09\/IMG_20240917_084356-scaled.jpg 1155w\" sizes=\"(max-width: 462px) 100vw, 462px\" \/><figcaption class=\"wp-element-caption\">Pren\u00e1jom vo\u013en\u00e9ho priestoru<\/figcaption><\/figure>\n<\/figure>\n\n\n\n<figure data-wp-context=\"{&quot;imageId&quot;:&quot;69f1a7be827ae&quot;}\" data-wp-interactive=\"core\/image\" data-wp-key=\"69f1a7be827ae\" class=\"wp-block-image size-large wp-lightbox-container\"><img loading=\"lazy\" decoding=\"async\" width=\"1024\" height=\"683\" data-wp-class--hide=\"state.isContentHidden\" data-wp-class--show=\"state.isContentVisible\" data-wp-init=\"callbacks.setButtonStyles\" data-wp-on--click=\"actions.showLightbox\" data-wp-on--load=\"callbacks.setButtonStyles\" data-wp-on-window--resize=\"callbacks.setButtonStyles\" src=\"https:\/\/www.dukas-partizanske.sk\/wp-content\/uploads\/2025\/07\/priestor_garm-1-1024x683.jpg\" alt=\"\" class=\"wp-image-2249\" srcset=\"https:\/\/www.dukas-partizanske.sk\/wp-content\/uploads\/2025\/07\/priestor_garm-1-1024x683.jpg 1024w, https:\/\/www.dukas-partizanske.sk\/wp-content\/uploads\/2025\/07\/priestor_garm-1-300x200.jpg 300w, https:\/\/www.dukas-partizanske.sk\/wp-content\/uploads\/2025\/07\/priestor_garm-1-768x512.jpg 768w, https:\/\/www.dukas-partizanske.sk\/wp-content\/uploads\/2025\/07\/priestor_garm-1.jpg 1536w\" sizes=\"(max-width: 1024px) 100vw, 1024px\" \/><button\n\t\t\tclass=\"lightbox-trigger\"\n\t\t\ttype=\"button\"\n\t\t\taria-haspopup=\"dialog\"\n\t\t\taria-label=\"Zv\u00e4\u010d\u0161i\u0165\"\n\t\t\tdata-wp-init=\"callbacks.initTriggerButton\"\n\t\t\tdata-wp-on--click=\"actions.showLightbox\"\n\t\t\tdata-wp-style--right=\"state.imageButtonRight\"\n\t\t\tdata-wp-style--top=\"state.imageButtonTop\"\n\t\t>\n\t\t\t<svg xmlns=\"http:\/\/www.w3.org\/2000\/svg\" width=\"12\" height=\"12\" fill=\"none\" viewBox=\"0 0 12 12\">\n\t\t\t\t<path fill=\"#fff\" d=\"M2 0a2 2 0 0 0-2 2v2h1.5V2a.5.5 0 0 1 .5-.5h2V0H2Zm2 10.5H2a.5.5 0 0 1-.5-.5V8H0v2a2 2 0 0 0 2 2h2v-1.5ZM8 12v-1.5h2a.5.5 0 0 0 .5-.5V8H12v2a2 2 0 0 1-2 2H8Zm2-12a2 2 0 0 1 2 2v2h-1.5V2a.5.5 0 0 0-.5-.5H8V0h2Z\" \/>\n\t\t\t<\/svg>\n\t\t<\/button><\/figure>\n","protected":false},"excerpt":{"rendered":"<p>Dovo\u013eujeme si V\u00e1m pon\u00faknu\u0165 vo\u013en\u00fd kancel\u00e1rsky priestor v obchodnom centre KASKADA v Partiz\u00e1nskom, ktor\u00fd sa nach\u00e1dza na Hrn\u010dir\u00edkovej ulici. Ve\u013ekos\u0165 priestoru je 18 metrov \u0161tvorcov\u00fdch.&hellip;<\/p>\n","protected":false},"author":1,"featured_media":2247,"parent":0,"menu_order":0,"comment_status":"closed","ping_status":"closed","template":"","meta":{"footnotes":""},"categories":[218],"tags":[188,197],"class_list":["post-2246","page","type-page","status-publish","has-post-thumbnail","hentry","category-oc-kaskada-1np","tag-kancelaria","tag-partizanske"],"aioseo_notices":[],"_links":{"self":[{"href":"https:\/\/www.dukas-partizanske.sk\/index.php?rest_route=\/wp\/v2\/pages\/2246","targetHints":{"allow":["GET"]}}],"collection":[{"href":"https:\/\/www.dukas-partizanske.sk\/index.php?rest_route=\/wp\/v2\/pages"}],"about":[{"href":"https:\/\/www.dukas-partizanske.sk\/index.php?rest_route=\/wp\/v2\/types\/page"}],"author":[{"embeddable":true,"href":"https:\/\/www.dukas-partizanske.sk\/index.php?rest_route=\/wp\/v2\/users\/1"}],"replies":[{"embeddable":true,"href":"https:\/\/www.dukas-partizanske.sk\/index.php?rest_route=%2Fwp%2Fv2%2Fcomments&post=2246"}],"version-history":[{"count":1,"href":"https:\/\/www.dukas-partizanske.sk\/index.php?rest_route=\/wp\/v2\/pages\/2246\/revisions"}],"predecessor-version":[{"id":2251,"href":"https:\/\/www.dukas-partizanske.sk\/index.php?rest_route=\/wp\/v2\/pages\/2246\/revisions\/2251"}],"wp:featuredmedia":[{"embeddable":true,"href":"https:\/\/www.dukas-partizanske.sk\/index.php?rest_route=\/wp\/v2\/media\/2247"}],"wp:attachment":[{"href":"https:\/\/www.dukas-partizanske.sk\/index.php?rest_route=%2Fwp%2Fv2%2Fmedia&parent=2246"}],"wp:term":[{"taxonomy":"category","embeddable":true,"href":"https:\/\/www.dukas-partizanske.sk\/index.php?rest_route=%2Fwp%2Fv2%2Fcategories&post=2246"},{"taxonomy":"post_tag","embeddable":true,"href":"https:\/\/www.dukas-partizanske.sk\/index.php?rest_route=%2Fwp%2Fv2%2Ftags&post=2246"}],"curies":[{"name":"wp","href":"https:\/\/api.w.org\/{rel}","templated":true}]}}