{"id":2200,"date":"2025-05-05T10:10:26","date_gmt":"2025-05-05T08:10:26","guid":{"rendered":"https:\/\/www.dukas-partizanske.sk\/?page_id=2200"},"modified":"2025-05-05T10:10:27","modified_gmt":"2025-05-05T08:10:27","slug":"parkovanie","status":"publish","type":"page","link":"https:\/\/www.dukas-partizanske.sk\/?page_id=2200","title":{"rendered":"Parkovanie"},"content":{"rendered":"\n<h2 class=\"wp-block-heading\">\ud83c\udd7f\ufe0f Parkovanie v centre Partiz\u00e1nskeho<\/h2>\n\n\n\n<p>H\u013ead\u00e1te <strong>spo\u013eahliv\u00e9, garantovan\u00e9 parkovanie<\/strong> v centre mesta? Vyu\u017eite na\u0161u ponuku pren\u00e1jmu parkovac\u00edch miest v bezprostrednej bl\u00edzkosti po\u0161ty, medzi ulicami <strong>Rudolfa Ja\u0161\u00edka a Febru\u00e1rov\u00e1<\/strong>.<\/p>\n\n\n\n<h3 class=\"wp-block-heading\">\u2714\ufe0f \u010co pon\u00fakame:<\/h3>\n\n\n\n<ul class=\"wp-block-list\">\n<li><strong>O\u010d\u00edslovan\u00e9 parkovacie miesta<\/strong> na s\u00fakromnom parkovisku<\/li>\n\n\n\n<li><strong>Vstup cez rampu<\/strong> ovl\u00e1dan\u00fa dia\u013ekov\u00fdm ovl\u00e1da\u010dom<\/li>\n\n\n\n<li>Parkovisko sa nach\u00e1dza <strong>na s\u00fakromnom pozemku<\/strong> v priamom centre mesta<\/li>\n\n\n\n<li><strong>Pevn\u00e1 cena bez vy\u00fa\u010dtovania<\/strong> \u2013 \u017eiadne skryt\u00e9 poplatky<\/li>\n<\/ul>\n\n\n\n<h3 class=\"wp-block-heading\">\ud83d\udcb6 Cena pren\u00e1jmu:<\/h3>\n\n\n\n<ul class=\"wp-block-list\">\n<li><strong>30 \u20ac \/ mesiac vr\u00e1tane DPH<\/strong><\/li>\n\n\n\n<li>Platba mo\u017en\u00e1 <strong>polro\u010dne alebo ro\u010dne<\/strong><\/li>\n\n\n\n<li>V cene je zahrnut\u00e9 aj vyu\u017e\u00edvanie rampy (s dia\u013ekov\u00fdm ovl\u00e1dan\u00edm)<\/li>\n<\/ul>\n\n\n\n<h3 class=\"wp-block-heading\">\ud83d\udccd Lokalita:<\/h3>\n\n\n\n<p>Parkovanie sa nach\u00e1dza za rampou medzi ulicami <strong>R. Ja\u0161\u00edka a Febru\u00e1rov\u00e1<\/strong>, priamo pri po\u0161te. Ide o <strong>v\u00fdborne dostupn\u00fa a frekventovan\u00fa lokalitu<\/strong> vhodn\u00fa pre obyvate\u013eov, podnikate\u013eov aj n\u00e1v\u0161tevn\u00edkov mesta.<\/p>\n\n\n\n<figure class=\"wp-block-gallery has-nested-images columns-default is-cropped wp-block-gallery-1 is-layout-flex wp-block-gallery-is-layout-flex\">\n<figure class=\"wp-block-image size-large\"><img fetchpriority=\"high\" decoding=\"async\" width=\"1024\" height=\"667\" data-id=\"2204\" src=\"https:\/\/www.dukas-partizanske.sk\/wp-content\/uploads\/2025\/05\/1-1-1024x667.jpg\" alt=\"\" class=\"wp-image-2204\" srcset=\"https:\/\/www.dukas-partizanske.sk\/wp-content\/uploads\/2025\/05\/1-1-1024x667.jpg 1024w, https:\/\/www.dukas-partizanske.sk\/wp-content\/uploads\/2025\/05\/1-1-300x195.jpg 300w, https:\/\/www.dukas-partizanske.sk\/wp-content\/uploads\/2025\/05\/1-1-768x500.jpg 768w, https:\/\/www.dukas-partizanske.sk\/wp-content\/uploads\/2025\/05\/1-1.jpg 1186w\" sizes=\"(max-width: 1024px) 100vw, 1024px\" \/><\/figure>\n\n\n\n<figure class=\"wp-block-image size-large\"><img decoding=\"async\" width=\"1024\" height=\"783\" data-id=\"2205\" src=\"https:\/\/www.dukas-partizanske.sk\/wp-content\/uploads\/2025\/05\/2-1024x783.jpg\" alt=\"\" class=\"wp-image-2205\" srcset=\"https:\/\/www.dukas-partizanske.sk\/wp-content\/uploads\/2025\/05\/2-1024x783.jpg 1024w, https:\/\/www.dukas-partizanske.sk\/wp-content\/uploads\/2025\/05\/2-300x229.jpg 300w, https:\/\/www.dukas-partizanske.sk\/wp-content\/uploads\/2025\/05\/2-768x587.jpg 768w, https:\/\/www.dukas-partizanske.sk\/wp-content\/uploads\/2025\/05\/2.jpg 1073w\" sizes=\"(max-width: 1024px) 100vw, 1024px\" \/><\/figure>\n\n\n\n<figure class=\"wp-block-image size-large\"><img decoding=\"async\" width=\"1024\" height=\"784\" data-id=\"2206\" src=\"https:\/\/www.dukas-partizanske.sk\/wp-content\/uploads\/2025\/05\/3-1024x784.jpg\" alt=\"\" class=\"wp-image-2206\" srcset=\"https:\/\/www.dukas-partizanske.sk\/wp-content\/uploads\/2025\/05\/3-1024x784.jpg 1024w, https:\/\/www.dukas-partizanske.sk\/wp-content\/uploads\/2025\/05\/3-300x230.jpg 300w, https:\/\/www.dukas-partizanske.sk\/wp-content\/uploads\/2025\/05\/3-768x588.jpg 768w, https:\/\/www.dukas-partizanske.sk\/wp-content\/uploads\/2025\/05\/3.jpg 1080w\" sizes=\"(max-width: 1024px) 100vw, 1024px\" \/><\/figure>\n\n\n\n<figure class=\"wp-block-image size-large\"><img loading=\"lazy\" decoding=\"async\" width=\"1024\" height=\"792\" data-id=\"2207\" src=\"https:\/\/www.dukas-partizanske.sk\/wp-content\/uploads\/2025\/05\/4-1-1024x792.jpg\" alt=\"\" class=\"wp-image-2207\" srcset=\"https:\/\/www.dukas-partizanske.sk\/wp-content\/uploads\/2025\/05\/4-1-1024x792.jpg 1024w, https:\/\/www.dukas-partizanske.sk\/wp-content\/uploads\/2025\/05\/4-1-300x232.jpg 300w, https:\/\/www.dukas-partizanske.sk\/wp-content\/uploads\/2025\/05\/4-1-768x594.jpg 768w, https:\/\/www.dukas-partizanske.sk\/wp-content\/uploads\/2025\/05\/4-1.jpg 1141w\" sizes=\"(max-width: 1024px) 100vw, 1024px\" \/><\/figure>\n\n\n\n<figure class=\"wp-block-image size-large\"><img loading=\"lazy\" decoding=\"async\" width=\"692\" height=\"753\" data-id=\"2208\" src=\"https:\/\/www.dukas-partizanske.sk\/wp-content\/uploads\/2025\/05\/mapka-1.jpg\" alt=\"\" class=\"wp-image-2208\" srcset=\"https:\/\/www.dukas-partizanske.sk\/wp-content\/uploads\/2025\/05\/mapka-1.jpg 692w, https:\/\/www.dukas-partizanske.sk\/wp-content\/uploads\/2025\/05\/mapka-1-276x300.jpg 276w\" sizes=\"(max-width: 692px) 100vw, 692px\" \/><\/figure>\n<\/figure>\n\n\n\n<hr class=\"wp-block-separator has-alpha-channel-opacity\"\/>\n\n\n\n<h3 class=\"wp-block-heading\">\ud83d\udcde M\u00e1te z\u00e1ujem?<\/h3>\n\n\n\n<p>Nev\u00e1hajte n\u00e1s kontaktova\u0165:<br><strong>+421 910 998 521<\/strong><br><strong><a href=\"http:\/\/www.dukas-partizanske.sk\">www.dukas-partizanske.sk<\/a><\/strong><\/p>\n\n\n\n<hr class=\"wp-block-separator has-alpha-channel-opacity\"\/>\n","protected":false},"excerpt":{"rendered":"<p>\ud83c\udd7f\ufe0f Parkovanie v centre Partiz\u00e1nskeho H\u013ead\u00e1te spo\u013eahliv\u00e9, garantovan\u00e9 parkovanie v centre mesta? Vyu\u017eite na\u0161u ponuku pren\u00e1jmu parkovac\u00edch miest v bezprostrednej bl\u00edzkosti po\u0161ty, medzi ulicami Rudolfa&hellip;<\/p>\n","protected":false},"author":1,"featured_media":2201,"parent":0,"menu_order":0,"comment_status":"closed","ping_status":"closed","template":"","meta":{"footnotes":""},"categories":[1],"tags":[],"class_list":["post-2200","page","type-page","status-publish","has-post-thumbnail","hentry","category-nezaradene"],"aioseo_notices":[],"_links":{"self":[{"href":"https:\/\/www.dukas-partizanske.sk\/index.php?rest_route=\/wp\/v2\/pages\/2200","targetHints":{"allow":["GET"]}}],"collection":[{"href":"https:\/\/www.dukas-partizanske.sk\/index.php?rest_route=\/wp\/v2\/pages"}],"about":[{"href":"https:\/\/www.dukas-partizanske.sk\/index.php?rest_route=\/wp\/v2\/types\/page"}],"author":[{"embeddable":true,"href":"https:\/\/www.dukas-partizanske.sk\/index.php?rest_route=\/wp\/v2\/users\/1"}],"replies":[{"embeddable":true,"href":"https:\/\/www.dukas-partizanske.sk\/index.php?rest_route=%2Fwp%2Fv2%2Fcomments&post=2200"}],"version-history":[{"count":1,"href":"https:\/\/www.dukas-partizanske.sk\/index.php?rest_route=\/wp\/v2\/pages\/2200\/revisions"}],"predecessor-version":[{"id":2210,"href":"https:\/\/www.dukas-partizanske.sk\/index.php?rest_route=\/wp\/v2\/pages\/2200\/revisions\/2210"}],"wp:featuredmedia":[{"embeddable":true,"href":"https:\/\/www.dukas-partizanske.sk\/index.php?rest_route=\/wp\/v2\/media\/2201"}],"wp:attachment":[{"href":"https:\/\/www.dukas-partizanske.sk\/index.php?rest_route=%2Fwp%2Fv2%2Fmedia&parent=2200"}],"wp:term":[{"taxonomy":"category","embeddable":true,"href":"https:\/\/www.dukas-partizanske.sk\/index.php?rest_route=%2Fwp%2Fv2%2Fcategories&post=2200"},{"taxonomy":"post_tag","embeddable":true,"href":"https:\/\/www.dukas-partizanske.sk\/index.php?rest_route=%2Fwp%2Fv2%2Ftags&post=2200"}],"curies":[{"name":"wp","href":"https:\/\/api.w.org\/{rel}","templated":true}]}}