{"id":2089,"date":"2024-03-28T09:25:31","date_gmt":"2024-03-28T08:25:31","guid":{"rendered":"https:\/\/www.dukas-partizanske.sk\/?page_id=2089"},"modified":"2024-04-01T20:30:17","modified_gmt":"2024-04-01T18:30:17","slug":"priestor-c-311","status":"publish","type":"page","link":"https:\/\/www.dukas-partizanske.sk\/?page_id=2089","title":{"rendered":"Priestor \u010d. 311"},"content":{"rendered":"\n<p>H\u013ead\u00e1te profesion\u00e1lny kancel\u00e1rsky priestor v Partiz\u00e1nskom? Firma Dukas s.r.o. m\u00e1 pre v\u00e1s skvel\u00fa ponuku! Pon\u00fakame priestor \u010d. 311 v Biznis Centre Dukas, umiestnenom na 3. poschod\u00ed trojpodla\u017enej budovy.<\/p>\n\n\n\n<p><strong>Z\u00e1kladn\u00e9 \u00fadaje:<\/strong><\/p>\n\n\n\n<ul class=\"wp-block-list\">\n<li>Ve\u013ekos\u0165 priestoru: 21,5 m2<\/li>\n\n\n\n<li>3. poschodie<\/li>\n\n\n\n<li>Pripraven\u00fd ihne\u010f k vyu\u017e\u00edvaniu<\/li>\n\n\n\n<li>Pl\u00e1vaj\u00faca podlaha a \u017eal\u00fazie na okn\u00e1ch<\/li>\n\n\n\n<li>Bezbari\u00e9rov\u00fd v\u00fd\u0165ah a \u0161irok\u00e1 ob\u010dianska vybavenos\u0165<\/li>\n<\/ul>\n\n\n\n<p><strong>V\u00fdhody:<\/strong><\/p>\n\n\n\n<ul class=\"wp-block-list\">\n<li>V\u00fdborn\u00e1 lokalita v srdci Partiz\u00e1nskeho<\/li>\n\n\n\n<li>Bl\u00edzkos\u0165 vysokej ob\u010dianskej vybavenosti a bankov\u00fdch in\u0161tit\u00faci\u00ed<\/li>\n\n\n\n<li>Bezbari\u00e9rov\u00fd pr\u00edstup a bezpe\u010dnostn\u00e9 opatrenia<\/li>\n<\/ul>\n\n\n\n<p>Tento priestor je pripraven\u00fd na okam\u017eit\u00e9 nas\u0165ahovanie, \u010dak\u00e1 len na va\u0161u kreativitu a podnikate\u013esk\u00e9 v\u00edzie! Nezme\u0161kajte t\u00fato jedine\u010dn\u00fa pr\u00edle\u017eitos\u0165 na zabezpe\u010denie si ide\u00e1lneho pracovn\u00e9ho prostredia.<\/p>\n\n\n\n<p>Pre viac inform\u00e1ci\u00ed alebo na rezerv\u00e1ciu si osobn\u00e9ho stretnutia n\u00e1s nev\u00e1hajte kontaktova\u0165 na \u010d\u00edsle 0910 998 521. Dukas s.r.o. je tu, aby v\u00e1m pomohol dosiahnu\u0165 va\u0161e obchodn\u00e9 ciele!<\/p>\n\n\n\n<figure class=\"wp-block-embed is-type-video is-provider-youtube wp-block-embed-youtube wp-embed-aspect-4-3 wp-has-aspect-ratio\"><div class=\"wp-block-embed__wrapper\">\n<iframe title=\"Kancel\u00e1rsky priestor na pren\u00e1jom v Partiz\u00e1nskom. V pr\u00edpade z\u00e1ujmu volajte 0910 998 521.\" width=\"843\" height=\"632\" src=\"https:\/\/www.youtube.com\/embed\/_ShYIbyKRzU?feature=oembed\" frameborder=\"0\" allow=\"accelerometer; autoplay; clipboard-write; encrypted-media; gyroscope; picture-in-picture; web-share\" referrerpolicy=\"strict-origin-when-cross-origin\" allowfullscreen><\/iframe>\n<\/div><\/figure>\n\n\n\n<figure class=\"wp-block-gallery has-nested-images columns-default is-cropped wp-block-gallery-1 is-layout-flex wp-block-gallery-is-layout-flex\">\n<figure class=\"wp-block-image size-large\"><a href=\"https:\/\/www.dukas-partizanske.sk\/wp-content\/uploads\/2024\/03\/1000003014-scaled.webp\"><img fetchpriority=\"high\" decoding=\"async\" width=\"577\" height=\"1024\" data-id=\"2094\" src=\"https:\/\/www.dukas-partizanske.sk\/wp-content\/uploads\/2024\/03\/1000003014-577x1024.webp\" alt=\"\" class=\"wp-image-2094\" srcset=\"https:\/\/www.dukas-partizanske.sk\/wp-content\/uploads\/2024\/03\/1000003014-577x1024.webp 577w, https:\/\/www.dukas-partizanske.sk\/wp-content\/uploads\/2024\/03\/1000003014-169x300.webp 169w, https:\/\/www.dukas-partizanske.sk\/wp-content\/uploads\/2024\/03\/1000003014-768x1362.webp 768w, https:\/\/www.dukas-partizanske.sk\/wp-content\/uploads\/2024\/03\/1000003014-866x1536.webp 866w, https:\/\/www.dukas-partizanske.sk\/wp-content\/uploads\/2024\/03\/1000003014-1155x2048.webp 1155w, https:\/\/www.dukas-partizanske.sk\/wp-content\/uploads\/2024\/03\/1000003014-scaled.webp 1443w\" sizes=\"(max-width: 577px) 100vw, 577px\" \/><\/a><\/figure>\n\n\n\n<figure class=\"wp-block-image size-large\"><a href=\"https:\/\/www.dukas-partizanske.sk\/wp-content\/uploads\/2024\/03\/1000003015-scaled.webp\"><img decoding=\"async\" width=\"577\" height=\"1024\" data-id=\"2095\" src=\"https:\/\/www.dukas-partizanske.sk\/wp-content\/uploads\/2024\/03\/1000003015-577x1024.webp\" alt=\"\" class=\"wp-image-2095\" srcset=\"https:\/\/www.dukas-partizanske.sk\/wp-content\/uploads\/2024\/03\/1000003015-577x1024.webp 577w, https:\/\/www.dukas-partizanske.sk\/wp-content\/uploads\/2024\/03\/1000003015-169x300.webp 169w, https:\/\/www.dukas-partizanske.sk\/wp-content\/uploads\/2024\/03\/1000003015-768x1362.webp 768w, https:\/\/www.dukas-partizanske.sk\/wp-content\/uploads\/2024\/03\/1000003015-866x1536.webp 866w, https:\/\/www.dukas-partizanske.sk\/wp-content\/uploads\/2024\/03\/1000003015-1155x2048.webp 1155w, https:\/\/www.dukas-partizanske.sk\/wp-content\/uploads\/2024\/03\/1000003015-scaled.webp 1443w\" sizes=\"(max-width: 577px) 100vw, 577px\" \/><\/a><\/figure>\n\n\n\n<figure class=\"wp-block-image size-large\"><a href=\"https:\/\/www.dukas-partizanske.sk\/wp-content\/uploads\/2024\/03\/1000003016-scaled.webp\"><img decoding=\"async\" width=\"1024\" height=\"577\" data-id=\"2096\" src=\"https:\/\/www.dukas-partizanske.sk\/wp-content\/uploads\/2024\/03\/1000003016-1024x577.webp\" alt=\"\" class=\"wp-image-2096\" srcset=\"https:\/\/www.dukas-partizanske.sk\/wp-content\/uploads\/2024\/03\/1000003016-1024x577.webp 1024w, https:\/\/www.dukas-partizanske.sk\/wp-content\/uploads\/2024\/03\/1000003016-300x169.webp 300w, https:\/\/www.dukas-partizanske.sk\/wp-content\/uploads\/2024\/03\/1000003016-768x433.webp 768w, https:\/\/www.dukas-partizanske.sk\/wp-content\/uploads\/2024\/03\/1000003016-1536x866.webp 1536w, https:\/\/www.dukas-partizanske.sk\/wp-content\/uploads\/2024\/03\/1000003016-2048x1155.webp 2048w\" sizes=\"(max-width: 1024px) 100vw, 1024px\" \/><\/a><\/figure>\n<\/figure>\n","protected":false},"excerpt":{"rendered":"<p>H\u013ead\u00e1te profesion\u00e1lny kancel\u00e1rsky priestor v Partiz\u00e1nskom? Firma Dukas s.r.o. m\u00e1 pre v\u00e1s skvel\u00fa ponuku! Pon\u00fakame priestor \u010d. 311 v Biznis Centre Dukas, umiestnenom na 3.&hellip;<\/p>\n","protected":false},"author":1,"featured_media":2096,"parent":0,"menu_order":0,"comment_status":"closed","ping_status":"closed","template":"","meta":{"footnotes":""},"categories":[185],"tags":[186,188,193],"class_list":["post-2089","page","type-page","status-publish","has-post-thumbnail","hentry","category-biznis-centrum-3-poschodie","tag-biznis-centrum-dukas","tag-kancelaria","tag-volne-priestory"],"aioseo_notices":[],"_links":{"self":[{"href":"https:\/\/www.dukas-partizanske.sk\/index.php?rest_route=\/wp\/v2\/pages\/2089","targetHints":{"allow":["GET"]}}],"collection":[{"href":"https:\/\/www.dukas-partizanske.sk\/index.php?rest_route=\/wp\/v2\/pages"}],"about":[{"href":"https:\/\/www.dukas-partizanske.sk\/index.php?rest_route=\/wp\/v2\/types\/page"}],"author":[{"embeddable":true,"href":"https:\/\/www.dukas-partizanske.sk\/index.php?rest_route=\/wp\/v2\/users\/1"}],"replies":[{"embeddable":true,"href":"https:\/\/www.dukas-partizanske.sk\/index.php?rest_route=%2Fwp%2Fv2%2Fcomments&post=2089"}],"version-history":[{"count":4,"href":"https:\/\/www.dukas-partizanske.sk\/index.php?rest_route=\/wp\/v2\/pages\/2089\/revisions"}],"predecessor-version":[{"id":2106,"href":"https:\/\/www.dukas-partizanske.sk\/index.php?rest_route=\/wp\/v2\/pages\/2089\/revisions\/2106"}],"wp:featuredmedia":[{"embeddable":true,"href":"https:\/\/www.dukas-partizanske.sk\/index.php?rest_route=\/wp\/v2\/media\/2096"}],"wp:attachment":[{"href":"https:\/\/www.dukas-partizanske.sk\/index.php?rest_route=%2Fwp%2Fv2%2Fmedia&parent=2089"}],"wp:term":[{"taxonomy":"category","embeddable":true,"href":"https:\/\/www.dukas-partizanske.sk\/index.php?rest_route=%2Fwp%2Fv2%2Fcategories&post=2089"},{"taxonomy":"post_tag","embeddable":true,"href":"https:\/\/www.dukas-partizanske.sk\/index.php?rest_route=%2Fwp%2Fv2%2Ftags&post=2089"}],"curies":[{"name":"wp","href":"https:\/\/api.w.org\/{rel}","templated":true}]}}