{"id":2066,"date":"2024-03-25T17:28:23","date_gmt":"2024-03-25T16:28:23","guid":{"rendered":"https:\/\/www.dukas-partizanske.sk\/?page_id=2066"},"modified":"2024-04-22T08:15:19","modified_gmt":"2024-04-22T06:15:19","slug":"priestor-1np","status":"publish","type":"page","link":"https:\/\/www.dukas-partizanske.sk\/?page_id=2066","title":{"rendered":"Priestor 1NP"},"content":{"rendered":"\n<p>Dovo\u013eujeme si V\u00e1m pon\u00faknu\u0165 na pren\u00e1jom kancel\u00e1rsky priestor v <a href=\"https:\/\/www.dukas-partizanske.sk\/?page_id=1708\" title=\"Obchodn\u00e9 centrum Kaskada\">obchodnom centre Kaskada<\/a> v Partiz\u00e1nskom. Priestor m\u00e1 15 metrov \u0161tvorcov\u00fdch<\/p>\n\n\n\n<p><strong>Poloha a Orient\u00e1cia:<\/strong><\/p>\n\n\n\n<p>Priestor sa nach\u00e1dza v optim\u00e1lnej \u010dasti budovy na 1. nadzemnom podla\u017e\u00ed 2 poschodovej budovy Kaskada.  Priestor pon\u00faka s\u00fakromie, ktor\u00e9 V\u00e1m pom\u00f4\u017ee dosiahn\u00fa\u0165 lep\u0161ie v\u00fdsledky. <\/p>\n\n\n\n<p><strong>\u0160pecifik\u00e1cie a Vybavenie:<\/strong><\/p>\n\n\n\n<ul class=\"wp-block-list\">\n<li><strong>Ve\u013ekos\u0165:<\/strong> 15 m2<\/li>\n\n\n\n<li><strong>Podlaha:<\/strong> Pl\u00e1vaj\u00faca podlaha<\/li>\n\n\n\n<li><strong>Osvetlenie:<\/strong> 3 \u017eiarivkov\u00e9 svetl\u00e1<\/li>\n\n\n\n<li><strong>Klimatiz\u00e1cia<\/strong>: Priestor je klimatizovan\u00fd.<\/li>\n\n\n\n<li><strong>WC a Pr\u00edstup k Vode a Odpadu:<\/strong> Toalety, a pr\u00edstup k vode je na chodbe. Dostupn\u00e9 len pre klientov.<\/li>\n<\/ul>\n\n\n\n<p><strong>V\u00fdhody Lokality:<\/strong><\/p>\n\n\n\n<ul class=\"wp-block-list\">\n<li><strong>Dostupnos\u0165:<\/strong> S\u00fakromie a ticho<\/li>\n\n\n\n<li><strong>Spojenie:<\/strong> Bl\u00edzko centra mesta<\/li>\n<\/ul>\n\n\n\n<p><strong>V\u00fdnimo\u010dn\u00e1 Pr\u00edle\u017eitos\u0165 Pre V\u00e1\u0161 Biznis:<\/strong><\/p>\n\n\n\n<p>Tento priestor je ide\u00e1lny pre ka\u017ed\u00e9ho klienta, ktor\u00fd h\u013ead\u00e1 s\u00fakromie a pokopj pre pr\u00e1cu. V\u00fdhodou je dostupnos\u0165 priestoru aj mimo otv\u00e1rac\u00edch hod\u00edn budovy, ke\u010f\u017ee klient z\u00edska k\u013e\u00fa\u010de od priestory ale aj budovy. Priestor bude zabezpe\u010den\u00fd alarmom a s\u00fakromn\u00fdm k\u00f3dom. Zaiste ve\u013ekou v\u00fdhodou pren\u00e1jmu priestoru v budove Kaskada v Partiz\u00e1nskom je bl\u00edzkos\u0165 centra mesta. <\/p>\n\n\n\n<p>Pre viac inform\u00e1ci\u00ed alebo na zabezpe\u010denie prehliadky, nev\u00e1hajte n\u00e1s kontaktova\u0165. Te\u0161\u00edme sa na spolupr\u00e1cu na va\u0161om \u00faspechu!<\/p>\n\n\n\n<figure class=\"wp-block-embed is-type-video is-provider-youtube wp-block-embed-youtube wp-embed-aspect-16-9 wp-has-aspect-ratio\"><div class=\"wp-block-embed__wrapper\">\n<iframe title=\"Kancel\u00e1rsky priestor na pren\u00e1jom. https:\/\/www.dukas-partizanske.sk\" width=\"843\" height=\"474\" src=\"https:\/\/www.youtube.com\/embed\/DCTHkNflCug?feature=oembed\" frameborder=\"0\" allow=\"accelerometer; autoplay; clipboard-write; encrypted-media; gyroscope; picture-in-picture; web-share\" referrerpolicy=\"strict-origin-when-cross-origin\" allowfullscreen><\/iframe>\n<\/div><\/figure>\n\n\n\n<figure class=\"wp-block-gallery has-nested-images columns-default is-cropped wp-block-gallery-1 is-layout-flex wp-block-gallery-is-layout-flex\">\n<figure class=\"wp-block-image size-large\"><a href=\"https:\/\/www.dukas-partizanske.sk\/wp-content\/uploads\/2024\/03\/1000002911-scaled.jpg\"><img fetchpriority=\"high\" decoding=\"async\" width=\"577\" height=\"1024\" data-id=\"2069\" src=\"https:\/\/www.dukas-partizanske.sk\/wp-content\/uploads\/2024\/03\/1000002911-577x1024.jpg\" alt=\"\" class=\"wp-image-2069\" srcset=\"https:\/\/www.dukas-partizanske.sk\/wp-content\/uploads\/2024\/03\/1000002911-577x1024.jpg 577w, https:\/\/www.dukas-partizanske.sk\/wp-content\/uploads\/2024\/03\/1000002911-169x300.jpg 169w, https:\/\/www.dukas-partizanske.sk\/wp-content\/uploads\/2024\/03\/1000002911-768x1362.jpg 768w, https:\/\/www.dukas-partizanske.sk\/wp-content\/uploads\/2024\/03\/1000002911-866x1536.jpg 866w, https:\/\/www.dukas-partizanske.sk\/wp-content\/uploads\/2024\/03\/1000002911-1155x2048.jpg 1155w, https:\/\/www.dukas-partizanske.sk\/wp-content\/uploads\/2024\/03\/1000002911-scaled.jpg 1443w\" sizes=\"(max-width: 577px) 100vw, 577px\" \/><\/a><\/figure>\n\n\n\n<figure class=\"wp-block-image size-large\"><a href=\"https:\/\/www.dukas-partizanske.sk\/wp-content\/uploads\/2024\/03\/1000002910-scaled.jpg\"><img decoding=\"async\" width=\"577\" height=\"1024\" data-id=\"2070\" src=\"https:\/\/www.dukas-partizanske.sk\/wp-content\/uploads\/2024\/03\/1000002910-577x1024.jpg\" alt=\"\" class=\"wp-image-2070\" srcset=\"https:\/\/www.dukas-partizanske.sk\/wp-content\/uploads\/2024\/03\/1000002910-577x1024.jpg 577w, https:\/\/www.dukas-partizanske.sk\/wp-content\/uploads\/2024\/03\/1000002910-169x300.jpg 169w, https:\/\/www.dukas-partizanske.sk\/wp-content\/uploads\/2024\/03\/1000002910-768x1362.jpg 768w, https:\/\/www.dukas-partizanske.sk\/wp-content\/uploads\/2024\/03\/1000002910-866x1536.jpg 866w, https:\/\/www.dukas-partizanske.sk\/wp-content\/uploads\/2024\/03\/1000002910-1155x2048.jpg 1155w, https:\/\/www.dukas-partizanske.sk\/wp-content\/uploads\/2024\/03\/1000002910-scaled.jpg 1443w\" sizes=\"(max-width: 577px) 100vw, 577px\" \/><\/a><\/figure>\n\n\n\n<figure class=\"wp-block-image size-large\"><a href=\"https:\/\/www.dukas-partizanske.sk\/wp-content\/uploads\/2024\/03\/1000002909-scaled.jpg\"><img decoding=\"async\" width=\"577\" height=\"1024\" data-id=\"2071\" src=\"https:\/\/www.dukas-partizanske.sk\/wp-content\/uploads\/2024\/03\/1000002909-577x1024.jpg\" alt=\"\" class=\"wp-image-2071\" srcset=\"https:\/\/www.dukas-partizanske.sk\/wp-content\/uploads\/2024\/03\/1000002909-577x1024.jpg 577w, https:\/\/www.dukas-partizanske.sk\/wp-content\/uploads\/2024\/03\/1000002909-169x300.jpg 169w, https:\/\/www.dukas-partizanske.sk\/wp-content\/uploads\/2024\/03\/1000002909-768x1362.jpg 768w, https:\/\/www.dukas-partizanske.sk\/wp-content\/uploads\/2024\/03\/1000002909-866x1536.jpg 866w, https:\/\/www.dukas-partizanske.sk\/wp-content\/uploads\/2024\/03\/1000002909-1155x2048.jpg 1155w, https:\/\/www.dukas-partizanske.sk\/wp-content\/uploads\/2024\/03\/1000002909-scaled.jpg 1443w\" sizes=\"(max-width: 577px) 100vw, 577px\" \/><\/a><\/figure>\n\n\n\n<figure class=\"wp-block-image size-large\"><a href=\"https:\/\/www.dukas-partizanske.sk\/wp-content\/uploads\/2024\/03\/1000002907-scaled.jpg\"><img loading=\"lazy\" decoding=\"async\" width=\"576\" height=\"1024\" data-id=\"2076\" src=\"https:\/\/www.dukas-partizanske.sk\/wp-content\/uploads\/2024\/03\/1000002907-576x1024.jpg\" alt=\"\" class=\"wp-image-2076\" srcset=\"https:\/\/www.dukas-partizanske.sk\/wp-content\/uploads\/2024\/03\/1000002907-576x1024.jpg 576w, https:\/\/www.dukas-partizanske.sk\/wp-content\/uploads\/2024\/03\/1000002907-169x300.jpg 169w, https:\/\/www.dukas-partizanske.sk\/wp-content\/uploads\/2024\/03\/1000002907-768x1365.jpg 768w, https:\/\/www.dukas-partizanske.sk\/wp-content\/uploads\/2024\/03\/1000002907-864x1536.jpg 864w, https:\/\/www.dukas-partizanske.sk\/wp-content\/uploads\/2024\/03\/1000002907-1153x2048.jpg 1153w, https:\/\/www.dukas-partizanske.sk\/wp-content\/uploads\/2024\/03\/1000002907-scaled.jpg 1441w\" sizes=\"(max-width: 576px) 100vw, 576px\" \/><\/a><\/figure>\n\n\n\n<figure class=\"wp-block-image size-large\"><a href=\"https:\/\/www.dukas-partizanske.sk\/wp-content\/uploads\/2024\/03\/1000002906-scaled.jpg\"><img loading=\"lazy\" decoding=\"async\" width=\"1024\" height=\"576\" data-id=\"2072\" src=\"https:\/\/www.dukas-partizanske.sk\/wp-content\/uploads\/2024\/03\/1000002906-1024x576.jpg\" alt=\"\" class=\"wp-image-2072\" srcset=\"https:\/\/www.dukas-partizanske.sk\/wp-content\/uploads\/2024\/03\/1000002906-1024x576.jpg 1024w, https:\/\/www.dukas-partizanske.sk\/wp-content\/uploads\/2024\/03\/1000002906-300x169.jpg 300w, https:\/\/www.dukas-partizanske.sk\/wp-content\/uploads\/2024\/03\/1000002906-768x432.jpg 768w, https:\/\/www.dukas-partizanske.sk\/wp-content\/uploads\/2024\/03\/1000002906-1536x864.jpg 1536w, https:\/\/www.dukas-partizanske.sk\/wp-content\/uploads\/2024\/03\/1000002906-2048x1153.jpg 2048w\" sizes=\"(max-width: 1024px) 100vw, 1024px\" \/><\/a><\/figure>\n\n\n\n<figure class=\"wp-block-image size-large\"><a href=\"https:\/\/www.dukas-partizanske.sk\/wp-content\/uploads\/2024\/03\/1000002905-scaled.jpg\"><img loading=\"lazy\" decoding=\"async\" width=\"1024\" height=\"577\" data-id=\"2073\" src=\"https:\/\/www.dukas-partizanske.sk\/wp-content\/uploads\/2024\/03\/1000002905-1024x577.jpg\" alt=\"\" class=\"wp-image-2073\" srcset=\"https:\/\/www.dukas-partizanske.sk\/wp-content\/uploads\/2024\/03\/1000002905-1024x577.jpg 1024w, https:\/\/www.dukas-partizanske.sk\/wp-content\/uploads\/2024\/03\/1000002905-300x169.jpg 300w, https:\/\/www.dukas-partizanske.sk\/wp-content\/uploads\/2024\/03\/1000002905-768x433.jpg 768w, https:\/\/www.dukas-partizanske.sk\/wp-content\/uploads\/2024\/03\/1000002905-1536x866.jpg 1536w, https:\/\/www.dukas-partizanske.sk\/wp-content\/uploads\/2024\/03\/1000002905-2048x1155.jpg 2048w\" sizes=\"(max-width: 1024px) 100vw, 1024px\" \/><\/a><\/figure>\n\n\n\n<figure class=\"wp-block-image size-large\"><a href=\"https:\/\/www.dukas-partizanske.sk\/wp-content\/uploads\/2024\/03\/1000002904-scaled.jpg\"><img loading=\"lazy\" decoding=\"async\" width=\"1024\" height=\"576\" data-id=\"2077\" src=\"https:\/\/www.dukas-partizanske.sk\/wp-content\/uploads\/2024\/03\/1000002904-1024x576.jpg\" alt=\"\" class=\"wp-image-2077\" srcset=\"https:\/\/www.dukas-partizanske.sk\/wp-content\/uploads\/2024\/03\/1000002904-1024x576.jpg 1024w, https:\/\/www.dukas-partizanske.sk\/wp-content\/uploads\/2024\/03\/1000002904-300x169.jpg 300w, https:\/\/www.dukas-partizanske.sk\/wp-content\/uploads\/2024\/03\/1000002904-768x432.jpg 768w, https:\/\/www.dukas-partizanske.sk\/wp-content\/uploads\/2024\/03\/1000002904-1536x864.jpg 1536w, https:\/\/www.dukas-partizanske.sk\/wp-content\/uploads\/2024\/03\/1000002904-2048x1153.jpg 2048w\" sizes=\"(max-width: 1024px) 100vw, 1024px\" \/><\/a><\/figure>\n\n\n\n<figure class=\"wp-block-image size-large\"><a href=\"https:\/\/www.dukas-partizanske.sk\/wp-content\/uploads\/2024\/03\/1000002903-scaled.jpg\"><img loading=\"lazy\" decoding=\"async\" width=\"577\" height=\"1024\" data-id=\"2075\" src=\"https:\/\/www.dukas-partizanske.sk\/wp-content\/uploads\/2024\/03\/1000002903-577x1024.jpg\" alt=\"\" class=\"wp-image-2075\" srcset=\"https:\/\/www.dukas-partizanske.sk\/wp-content\/uploads\/2024\/03\/1000002903-577x1024.jpg 577w, https:\/\/www.dukas-partizanske.sk\/wp-content\/uploads\/2024\/03\/1000002903-169x300.jpg 169w, https:\/\/www.dukas-partizanske.sk\/wp-content\/uploads\/2024\/03\/1000002903-768x1362.jpg 768w, https:\/\/www.dukas-partizanske.sk\/wp-content\/uploads\/2024\/03\/1000002903-866x1536.jpg 866w, https:\/\/www.dukas-partizanske.sk\/wp-content\/uploads\/2024\/03\/1000002903-1155x2048.jpg 1155w, https:\/\/www.dukas-partizanske.sk\/wp-content\/uploads\/2024\/03\/1000002903-scaled.jpg 1443w\" sizes=\"(max-width: 577px) 100vw, 577px\" \/><\/a><\/figure>\n\n\n\n<figure class=\"wp-block-image size-large\"><a href=\"https:\/\/www.dukas-partizanske.sk\/wp-content\/uploads\/2024\/03\/1000002902-scaled.jpg\"><img loading=\"lazy\" decoding=\"async\" width=\"577\" height=\"1024\" data-id=\"2074\" src=\"https:\/\/www.dukas-partizanske.sk\/wp-content\/uploads\/2024\/03\/1000002902-577x1024.jpg\" alt=\"\" class=\"wp-image-2074\" srcset=\"https:\/\/www.dukas-partizanske.sk\/wp-content\/uploads\/2024\/03\/1000002902-577x1024.jpg 577w, https:\/\/www.dukas-partizanske.sk\/wp-content\/uploads\/2024\/03\/1000002902-169x300.jpg 169w, https:\/\/www.dukas-partizanske.sk\/wp-content\/uploads\/2024\/03\/1000002902-768x1362.jpg 768w, https:\/\/www.dukas-partizanske.sk\/wp-content\/uploads\/2024\/03\/1000002902-866x1536.jpg 866w, https:\/\/www.dukas-partizanske.sk\/wp-content\/uploads\/2024\/03\/1000002902-1155x2048.jpg 1155w, https:\/\/www.dukas-partizanske.sk\/wp-content\/uploads\/2024\/03\/1000002902-scaled.jpg 1443w\" sizes=\"(max-width: 577px) 100vw, 577px\" \/><\/a><\/figure>\n<\/figure>\n","protected":false},"excerpt":{"rendered":"<p>Dovo\u013eujeme si V\u00e1m pon\u00faknu\u0165 na pren\u00e1jom kancel\u00e1rsky priestor v obchodnom centre Kaskada v Partiz\u00e1nskom. Priestor m\u00e1 15 metrov \u0161tvorcov\u00fdch Poloha a Orient\u00e1cia: Priestor sa nach\u00e1dza&hellip;<\/p>\n","protected":false},"author":1,"featured_media":2073,"parent":0,"menu_order":0,"comment_status":"closed","ping_status":"closed","template":"","meta":{"footnotes":""},"categories":[218],"tags":[187,188,219,197,193],"class_list":["post-2066","page","type-page","status-publish","has-post-thumbnail","hentry","category-oc-kaskada-1np","tag-dukas","tag-kancelaria","tag-kaskada","tag-partizanske","tag-volne-priestory"],"aioseo_notices":[],"_links":{"self":[{"href":"https:\/\/www.dukas-partizanske.sk\/index.php?rest_route=\/wp\/v2\/pages\/2066","targetHints":{"allow":["GET"]}}],"collection":[{"href":"https:\/\/www.dukas-partizanske.sk\/index.php?rest_route=\/wp\/v2\/pages"}],"about":[{"href":"https:\/\/www.dukas-partizanske.sk\/index.php?rest_route=\/wp\/v2\/types\/page"}],"author":[{"embeddable":true,"href":"https:\/\/www.dukas-partizanske.sk\/index.php?rest_route=\/wp\/v2\/users\/1"}],"replies":[{"embeddable":true,"href":"https:\/\/www.dukas-partizanske.sk\/index.php?rest_route=%2Fwp%2Fv2%2Fcomments&post=2066"}],"version-history":[{"count":5,"href":"https:\/\/www.dukas-partizanske.sk\/index.php?rest_route=\/wp\/v2\/pages\/2066\/revisions"}],"predecessor-version":[{"id":2088,"href":"https:\/\/www.dukas-partizanske.sk\/index.php?rest_route=\/wp\/v2\/pages\/2066\/revisions\/2088"}],"wp:featuredmedia":[{"embeddable":true,"href":"https:\/\/www.dukas-partizanske.sk\/index.php?rest_route=\/wp\/v2\/media\/2073"}],"wp:attachment":[{"href":"https:\/\/www.dukas-partizanske.sk\/index.php?rest_route=%2Fwp%2Fv2%2Fmedia&parent=2066"}],"wp:term":[{"taxonomy":"category","embeddable":true,"href":"https:\/\/www.dukas-partizanske.sk\/index.php?rest_route=%2Fwp%2Fv2%2Fcategories&post=2066"},{"taxonomy":"post_tag","embeddable":true,"href":"https:\/\/www.dukas-partizanske.sk\/index.php?rest_route=%2Fwp%2Fv2%2Ftags&post=2066"}],"curies":[{"name":"wp","href":"https:\/\/api.w.org\/{rel}","templated":true}]}}