{"id":2021,"date":"2024-03-21T10:52:44","date_gmt":"2024-03-21T09:52:44","guid":{"rendered":"https:\/\/www.dukas-partizanske.sk\/?page_id=2021"},"modified":"2024-03-21T10:53:06","modified_gmt":"2024-03-21T09:53:06","slug":"eko-okno-muran","status":"publish","type":"page","link":"https:\/\/www.dukas-partizanske.sk\/?page_id=2021","title":{"rendered":"Eko &#8211; Okno Muran"},"content":{"rendered":"<div class=\"wp-block-image\">\n<figure class=\"alignleft size-full is-resized\"><img fetchpriority=\"high\" decoding=\"async\" width=\"300\" height=\"168\" src=\"https:\/\/www.dukas-partizanske.sk\/wp-content\/uploads\/2024\/03\/eko_okno.jpg\" alt=\"\" class=\"wp-image-2024\" style=\"width:325px;height:auto\"\/><\/figure>\n<\/div>\n\n\n<p>D\u00f4veryhodn\u00fd partner v oblasti predaja, mont\u00e1\u017ee a servisu plastov\u00fdch, hlin\u00edkov\u00fdch okien, dver\u00ed, roliet, sie\u0165ok.<\/p>\n\n\n\n<h3 class=\"wp-block-heading\"><strong>Inform\u00e1cie o pobo\u010dke:<\/strong><\/h3>\n\n\n\n<ul class=\"wp-block-list\">\n<li><strong>Adresa:<\/strong> Biznis Centrum Dukas, gen. Svobodu 1069 \/ 4, Partiz\u00e1nske<\/li>\n\n\n\n<li><strong>Poschodie:<\/strong> 3. poschodie<\/li>\n<\/ul>\n\n\n\n<h3 class=\"wp-block-heading\"><strong>Otv\u00e1racie hodiny<\/strong><\/h3>\n\n\n\n<ul class=\"wp-block-list\">\n<li>Pondelok: Na objedn\u00e1vku<\/li>\n\n\n\n<li>Utorok:Na objedn\u00e1vku<\/li>\n\n\n\n<li>Streda:Na objedn\u00e1vku<\/li>\n\n\n\n<li>\u0160tvrtok:Na objedn\u00e1vku<\/li>\n\n\n\n<li>Piatok:Na objedn\u00e1vku<\/li>\n\n\n\n<li>Sobota:Na objedn\u00e1vku<\/li>\n\n\n\n<li>Nede\u013ea: Na objedn\u00e1vku<\/li>\n<\/ul>\n\n\n\n<h3 class=\"wp-block-heading\"><strong>Kontakt<\/strong><\/h3>\n\n\n\n<ul class=\"wp-block-list\">\n<li>Ing. Mario Mura\u0148<\/li>\n\n\n\n<li>Telef\u00f3n: 0905 295 441<\/li>\n<\/ul>\n","protected":false},"excerpt":{"rendered":"<p>D\u00f4veryhodn\u00fd partner v oblasti predaja, mont\u00e1\u017ee a servisu plastov\u00fdch, hlin\u00edkov\u00fdch okien, dver\u00ed, roliet, sie\u0165ok. Inform\u00e1cie o pobo\u010dke: Otv\u00e1racie hodiny Kontakt<\/p>\n","protected":false},"author":1,"featured_media":2023,"parent":0,"menu_order":0,"comment_status":"closed","ping_status":"closed","template":"","meta":{"footnotes":""},"categories":[191],"tags":[186,217,188,204,216],"class_list":["post-2021","page","type-page","status-publish","has-post-thumbnail","hentry","category-klienti","tag-biznis-centrum-dukas","tag-eko-okno","tag-kancelaria","tag-klienti","tag-mario-muran"],"aioseo_notices":[],"_links":{"self":[{"href":"https:\/\/www.dukas-partizanske.sk\/index.php?rest_route=\/wp\/v2\/pages\/2021","targetHints":{"allow":["GET"]}}],"collection":[{"href":"https:\/\/www.dukas-partizanske.sk\/index.php?rest_route=\/wp\/v2\/pages"}],"about":[{"href":"https:\/\/www.dukas-partizanske.sk\/index.php?rest_route=\/wp\/v2\/types\/page"}],"author":[{"embeddable":true,"href":"https:\/\/www.dukas-partizanske.sk\/index.php?rest_route=\/wp\/v2\/users\/1"}],"replies":[{"embeddable":true,"href":"https:\/\/www.dukas-partizanske.sk\/index.php?rest_route=%2Fwp%2Fv2%2Fcomments&post=2021"}],"version-history":[{"count":2,"href":"https:\/\/www.dukas-partizanske.sk\/index.php?rest_route=\/wp\/v2\/pages\/2021\/revisions"}],"predecessor-version":[{"id":2026,"href":"https:\/\/www.dukas-partizanske.sk\/index.php?rest_route=\/wp\/v2\/pages\/2021\/revisions\/2026"}],"wp:featuredmedia":[{"embeddable":true,"href":"https:\/\/www.dukas-partizanske.sk\/index.php?rest_route=\/wp\/v2\/media\/2023"}],"wp:attachment":[{"href":"https:\/\/www.dukas-partizanske.sk\/index.php?rest_route=%2Fwp%2Fv2%2Fmedia&parent=2021"}],"wp:term":[{"taxonomy":"category","embeddable":true,"href":"https:\/\/www.dukas-partizanske.sk\/index.php?rest_route=%2Fwp%2Fv2%2Fcategories&post=2021"},{"taxonomy":"post_tag","embeddable":true,"href":"https:\/\/www.dukas-partizanske.sk\/index.php?rest_route=%2Fwp%2Fv2%2Ftags&post=2021"}],"curies":[{"name":"wp","href":"https:\/\/api.w.org\/{rel}","templated":true}]}}