{"id":2014,"date":"2024-03-21T09:00:58","date_gmt":"2024-03-21T08:00:58","guid":{"rendered":"https:\/\/www.dukas-partizanske.sk\/?page_id=2014"},"modified":"2025-05-22T08:44:41","modified_gmt":"2025-05-22T06:44:41","slug":"a-h-beauty-salon","status":"publish","type":"page","link":"https:\/\/www.dukas-partizanske.sk\/?page_id=2014","title":{"rendered":"Sie\u0165 odborn\u00e9ho poradenstva"},"content":{"rendered":"<div class=\"wp-block-image\">\n<figure class=\"alignleft size-full is-resized\"><img fetchpriority=\"high\" decoding=\"async\" width=\"724\" height=\"1024\" src=\"https:\/\/www.dukas-partizanske.sk\/wp-content\/uploads\/2025\/05\/siet_odborneho_poradenstva.jpg\" alt=\"\" class=\"wp-image-2213\" style=\"width:270px;height:auto\" srcset=\"https:\/\/www.dukas-partizanske.sk\/wp-content\/uploads\/2025\/05\/siet_odborneho_poradenstva.jpg 724w, https:\/\/www.dukas-partizanske.sk\/wp-content\/uploads\/2025\/05\/siet_odborneho_poradenstva-212x300.jpg 212w\" sizes=\"(max-width: 724px) 100vw, 724px\" \/><\/figure>\n<\/div>\n\n\n<p><strong>Poradne komplexnej pomoc<\/strong>i s\u00fa s\u00fa\u010das\u0165ou n\u00e1rodn\u00e9ho projektu <strong>Sie\u0165 odborn\u00e9ho poradenstva<\/strong>, ktor\u00fd poskytuje bezplatn\u00e9 odborn\u00e9 poradenstvo v oblastiach rie\u0161enia dlhov, rodinn\u00fdch a medzi\u013eudsk\u00fdch vz\u0165ahov. <\/p>\n\n\n\n<p>Tento projekt vznikol spojen\u00edm dvoch \u00faspe\u0161n\u00fdch n\u00e1rodn\u00fdch projektov \u2013 <strong>Bezplatn\u00e9 poradensk\u00e9 \u010dinnosti v oblasti riadenia dlhov<\/strong> a <strong>Rodinn\u00e9 poradne<\/strong>, ktor\u00e9 v roku 2024 pomohli viac ako 20 000 klientom. <a href=\"https:\/\/pkp.gov.sk\/?utm_source=chatgpt.com\" target=\"_blank\" rel=\"noreferrer noopener\">pkp.gov.sk<\/a><\/p>\n\n\n\n<p>Poradne poskytuj\u00fa komplexn\u00e9 slu\u017eby v oblasti psychologick\u00e9ho, soci\u00e1lneho, pr\u00e1vneho a ekonomick\u00e9ho poradenstva. Odborn\u00edci s\u00fa pripraven\u00ed pom\u00f4c\u0165 jednotlivcom, p\u00e1rom aj rodin\u00e1m v n\u00e1ro\u010dn\u00fdch \u017eivotn\u00fdch situ\u00e1ci\u00e1ch.<\/p>\n\n\n\n<p><\/p>\n\n\n\n<p><\/p>\n\n\n\n<p><\/p>\n\n\n\n<p><strong>Adresa pobo\u010dky:<\/strong><\/p>\n\n\n\n<p>Gener\u00e1la Svobodu 1069\/4<br>958 01 Partiz\u00e1nske<\/p>\n\n\n\n<p><strong>Otv\u00e1racie hodiny:<\/strong><\/p>\n\n\n\n<p>Pondelok 08:00 &#8211; 17:00<br>Utorok 08:00 &#8211; 17:00<br>Streda 08:00 &#8211; 17:00<br>\u0160tvrtok 08:00 &#8211; 17:00<br>Piatok 08:00 &#8211; 17:00<\/p>\n","protected":false},"excerpt":{"rendered":"<p>Poradne komplexnej pomoci s\u00fa s\u00fa\u010das\u0165ou n\u00e1rodn\u00e9ho projektu Sie\u0165 odborn\u00e9ho poradenstva, ktor\u00fd poskytuje bezplatn\u00e9 odborn\u00e9 poradenstvo v oblastiach rie\u0161enia dlhov, rodinn\u00fdch a medzi\u013eudsk\u00fdch vz\u0165ahov. Tento projekt&hellip;<\/p>\n","protected":false},"author":1,"featured_media":2213,"parent":0,"menu_order":0,"comment_status":"closed","ping_status":"closed","template":"","meta":{"footnotes":""},"categories":[191],"tags":[214,186,204,215],"class_list":["post-2014","page","type-page","status-publish","has-post-thumbnail","hentry","category-klienti","tag-a-h-beauty-salon","tag-biznis-centrum-dukas","tag-klienti","tag-kozmeticky-salon"],"aioseo_notices":[],"_links":{"self":[{"href":"https:\/\/www.dukas-partizanske.sk\/index.php?rest_route=\/wp\/v2\/pages\/2014","targetHints":{"allow":["GET"]}}],"collection":[{"href":"https:\/\/www.dukas-partizanske.sk\/index.php?rest_route=\/wp\/v2\/pages"}],"about":[{"href":"https:\/\/www.dukas-partizanske.sk\/index.php?rest_route=\/wp\/v2\/types\/page"}],"author":[{"embeddable":true,"href":"https:\/\/www.dukas-partizanske.sk\/index.php?rest_route=\/wp\/v2\/users\/1"}],"replies":[{"embeddable":true,"href":"https:\/\/www.dukas-partizanske.sk\/index.php?rest_route=%2Fwp%2Fv2%2Fcomments&post=2014"}],"version-history":[{"count":3,"href":"https:\/\/www.dukas-partizanske.sk\/index.php?rest_route=\/wp\/v2\/pages\/2014\/revisions"}],"predecessor-version":[{"id":2215,"href":"https:\/\/www.dukas-partizanske.sk\/index.php?rest_route=\/wp\/v2\/pages\/2014\/revisions\/2215"}],"wp:featuredmedia":[{"embeddable":true,"href":"https:\/\/www.dukas-partizanske.sk\/index.php?rest_route=\/wp\/v2\/media\/2213"}],"wp:attachment":[{"href":"https:\/\/www.dukas-partizanske.sk\/index.php?rest_route=%2Fwp%2Fv2%2Fmedia&parent=2014"}],"wp:term":[{"taxonomy":"category","embeddable":true,"href":"https:\/\/www.dukas-partizanske.sk\/index.php?rest_route=%2Fwp%2Fv2%2Fcategories&post=2014"},{"taxonomy":"post_tag","embeddable":true,"href":"https:\/\/www.dukas-partizanske.sk\/index.php?rest_route=%2Fwp%2Fv2%2Ftags&post=2014"}],"curies":[{"name":"wp","href":"https:\/\/api.w.org\/{rel}","templated":true}]}}