{"id":2003,"date":"2024-03-20T10:02:42","date_gmt":"2024-03-20T09:02:42","guid":{"rendered":"https:\/\/www.dukas-partizanske.sk\/?page_id=2003"},"modified":"2024-03-20T10:04:03","modified_gmt":"2024-03-20T09:04:03","slug":"renata-chrenkova-fingo-partner","status":"publish","type":"page","link":"https:\/\/www.dukas-partizanske.sk\/?page_id=2003","title":{"rendered":"Ren\u00e1ta Chrenkov\u00e1 &#8211; fingo partner"},"content":{"rendered":"\n<p><em>Financie a reality &#8211; k\u00fapa, predaj, pren\u00e1jom, byty, domy, pozemky&#8230;<\/em><\/p>\n\n\n\n<h3 class=\"wp-block-heading\"><strong>Slu\u017eby:<\/strong><\/h3>\n\n\n\n<ul class=\"wp-block-list\">\n<li>Hypotek\u00e1rne \u00favery<\/li>\n\n\n\n<li>Poistenie<\/li>\n\n\n\n<li>Investovanie \/ sporenie<\/li>\n<\/ul>\n\n\n\n<h3 class=\"wp-block-heading\"><strong>Inform\u00e1cie o pobo\u010dke<\/strong><\/h3>\n\n\n\n<ul class=\"wp-block-list\">\n<li><strong>Adresa:<\/strong> Gen. Svobodu 1069\/4, 958 01 Partiz\u00e1nske<\/li>\n\n\n\n<li><strong>Poschodie:<\/strong> Pr\u00edzemie . vlastn\u00fd vchod<\/li>\n<\/ul>\n\n\n\n<h3 class=\"wp-block-heading\"><strong>Otv\u00e1racie Hodiny:<\/strong><\/h3>\n\n\n\n<ul class=\"wp-block-list\">\n<li><strong>Pondelok<\/strong> <strong>&#8211; Piatok :<\/strong> 7:30 &#8211; 12:00  13:00 &#8211; 15:30<\/li>\n\n\n\n<li><strong>Sobota:<\/strong> Zatvoren\u00e9<\/li>\n\n\n\n<li><strong>Nede\u013ea:<\/strong> Zatvoren\u00e9<\/li>\n<\/ul>\n\n\n\n<h3 class=\"wp-block-heading\"><strong>Kontakt:<\/strong><\/h3>\n\n\n\n<ul class=\"wp-block-list\">\n<li><strong>Telef\u00f3n:<\/strong> <strong>0915 750 120<\/strong><\/li>\n\n\n\n<li><strong>Email:<\/strong> renata.chrenkova@finsta.sk<\/li>\n<\/ul>\n\n\n\n<figure class=\"wp-block-gallery has-nested-images columns-default is-cropped wp-block-gallery-1 is-layout-flex wp-block-gallery-is-layout-flex\">\n<figure class=\"wp-block-image size-large\"><img fetchpriority=\"high\" decoding=\"async\" width=\"576\" height=\"1024\" data-id=\"2009\" src=\"https:\/\/www.dukas-partizanske.sk\/wp-content\/uploads\/2024\/03\/IMG_20240320_095047-576x1024.jpg\" alt=\"\" class=\"wp-image-2009\" srcset=\"https:\/\/www.dukas-partizanske.sk\/wp-content\/uploads\/2024\/03\/IMG_20240320_095047-576x1024.jpg 576w, https:\/\/www.dukas-partizanske.sk\/wp-content\/uploads\/2024\/03\/IMG_20240320_095047-169x300.jpg 169w, https:\/\/www.dukas-partizanske.sk\/wp-content\/uploads\/2024\/03\/IMG_20240320_095047-768x1365.jpg 768w, https:\/\/www.dukas-partizanske.sk\/wp-content\/uploads\/2024\/03\/IMG_20240320_095047-864x1536.jpg 864w, https:\/\/www.dukas-partizanske.sk\/wp-content\/uploads\/2024\/03\/IMG_20240320_095047-1153x2048.jpg 1153w, https:\/\/www.dukas-partizanske.sk\/wp-content\/uploads\/2024\/03\/IMG_20240320_095047-scaled.jpg 1441w\" sizes=\"(max-width: 576px) 100vw, 576px\" \/><\/figure>\n\n\n\n<figure class=\"wp-block-image size-large\"><img decoding=\"async\" width=\"576\" height=\"1024\" data-id=\"2010\" src=\"https:\/\/www.dukas-partizanske.sk\/wp-content\/uploads\/2024\/03\/IMG_20240320_094259-576x1024.jpg\" alt=\"\" class=\"wp-image-2010\" srcset=\"https:\/\/www.dukas-partizanske.sk\/wp-content\/uploads\/2024\/03\/IMG_20240320_094259-576x1024.jpg 576w, https:\/\/www.dukas-partizanske.sk\/wp-content\/uploads\/2024\/03\/IMG_20240320_094259-169x300.jpg 169w, https:\/\/www.dukas-partizanske.sk\/wp-content\/uploads\/2024\/03\/IMG_20240320_094259-768x1365.jpg 768w, https:\/\/www.dukas-partizanske.sk\/wp-content\/uploads\/2024\/03\/IMG_20240320_094259-864x1536.jpg 864w, https:\/\/www.dukas-partizanske.sk\/wp-content\/uploads\/2024\/03\/IMG_20240320_094259-1153x2048.jpg 1153w, https:\/\/www.dukas-partizanske.sk\/wp-content\/uploads\/2024\/03\/IMG_20240320_094259-scaled.jpg 1441w\" sizes=\"(max-width: 576px) 100vw, 576px\" \/><\/figure>\n<\/figure>\n","protected":false},"excerpt":{"rendered":"<p>Financie a reality &#8211; k\u00fapa, predaj, pren\u00e1jom, byty, domy, pozemky&#8230; Slu\u017eby: Inform\u00e1cie o pobo\u010dke Otv\u00e1racie Hodiny: Kontakt:<\/p>\n","protected":false},"author":1,"featured_media":2004,"parent":0,"menu_order":0,"comment_status":"closed","ping_status":"closed","template":"","meta":{"footnotes":""},"categories":[191],"tags":[186,213,188,204,212],"class_list":["post-2003","page","type-page","status-publish","has-post-thumbnail","hentry","category-klienti","tag-biznis-centrum-dukas","tag-chrenkova","tag-kancelaria","tag-klienti","tag-renata-chrenkova"],"aioseo_notices":[],"_links":{"self":[{"href":"https:\/\/www.dukas-partizanske.sk\/index.php?rest_route=\/wp\/v2\/pages\/2003","targetHints":{"allow":["GET"]}}],"collection":[{"href":"https:\/\/www.dukas-partizanske.sk\/index.php?rest_route=\/wp\/v2\/pages"}],"about":[{"href":"https:\/\/www.dukas-partizanske.sk\/index.php?rest_route=\/wp\/v2\/types\/page"}],"author":[{"embeddable":true,"href":"https:\/\/www.dukas-partizanske.sk\/index.php?rest_route=\/wp\/v2\/users\/1"}],"replies":[{"embeddable":true,"href":"https:\/\/www.dukas-partizanske.sk\/index.php?rest_route=%2Fwp%2Fv2%2Fcomments&post=2003"}],"version-history":[{"count":4,"href":"https:\/\/www.dukas-partizanske.sk\/index.php?rest_route=\/wp\/v2\/pages\/2003\/revisions"}],"predecessor-version":[{"id":2012,"href":"https:\/\/www.dukas-partizanske.sk\/index.php?rest_route=\/wp\/v2\/pages\/2003\/revisions\/2012"}],"wp:featuredmedia":[{"embeddable":true,"href":"https:\/\/www.dukas-partizanske.sk\/index.php?rest_route=\/wp\/v2\/media\/2004"}],"wp:attachment":[{"href":"https:\/\/www.dukas-partizanske.sk\/index.php?rest_route=%2Fwp%2Fv2%2Fmedia&parent=2003"}],"wp:term":[{"taxonomy":"category","embeddable":true,"href":"https:\/\/www.dukas-partizanske.sk\/index.php?rest_route=%2Fwp%2Fv2%2Fcategories&post=2003"},{"taxonomy":"post_tag","embeddable":true,"href":"https:\/\/www.dukas-partizanske.sk\/index.php?rest_route=%2Fwp%2Fv2%2Ftags&post=2003"}],"curies":[{"name":"wp","href":"https:\/\/api.w.org\/{rel}","templated":true}]}}