{"id":2,"date":"2024-02-20T16:40:58","date_gmt":"2024-02-20T15:40:58","guid":{"rendered":"https:\/\/www.dukas-partizanske.sk\/?page_id=2"},"modified":"2024-03-04T22:36:32","modified_gmt":"2024-03-04T21:36:32","slug":"ukazkova-stranka","status":"publish","type":"page","link":"https:\/\/www.dukas-partizanske.sk\/?page_id=2","title":{"rendered":"Vo\u013en\u00e9 kancel\u00e1rske priestory"},"content":{"rendered":"\n<p>Vitajte v na\u0161ej kateg\u00f3rii &#8222;Vo\u013en\u00e9 priestory&#8220;! <\/p>\n\n\n\n<p>Tu si m\u00f4\u017eete prezrie\u0165 aktu\u00e1lne vo\u013en\u00e9 kancel\u00e1rske a obchodn\u00e9 priestory, ktor\u00e9 pon\u00fakame. Sta\u010d\u00ed jednoducho rozklikn\u00fa\u0165 menu &#8222;Vo\u013en\u00e9 priestory&#8220; a prehliadnu\u0165 si na\u0161u \u0161irok\u00fa ponuku.<\/p>\n\n\n\n<p>Na\u0161a snaha spo\u010d\u00edva v tom, aby sme v\u00e1m poskytli optim\u00e1lny v\u00fdber vo\u013en\u00fdch priestorov, ktor\u00e9 vyhovuj\u00fa va\u0161im potreb\u00e1m a po\u017eiadavk\u00e1m. Pre \u010fal\u0161ie inform\u00e1cie o konkr\u00e9tnych priestoroch, nev\u00e1hajte n\u00e1s <a href=\"https:\/\/www.dukas-partizanske.sk\/?page_id=1430\">kontaktova\u0165<\/a> prostredn\u00edctvom na\u0161ej sekcie &#8222;<a href=\"https:\/\/www.dukas-partizanske.sk\/?page_id=1430\">Kontakt<\/a>&#8222;. Na\u0161i odborn\u00edci s\u00fa pripraven\u00ed zodpoveda\u0165 va\u0161e ot\u00e1zky a poskytn\u00fa\u0165 v\u00e1m podrobn\u00e9 inform\u00e1cie.<\/p>\n\n\n\n<p>Ak m\u00e1te z\u00e1ujem o osobn\u00e9 stretnutie a bli\u017e\u0161ie presk\u00famanie dostupn\u00fdch priestorov, nev\u00e1hajte n\u00e1m da\u0165 vedie\u0165. Radi sa s vami dohodneme stretnutie a poskytneme \u010fal\u0161ie detaily. <\/p>\n\n\n\n<p>Te\u0161\u00edme sa na spolupr\u00e1cu a pom\u00f4\u017eeme v\u00e1m n\u00e1js\u0165 ide\u00e1lny vo\u013en\u00fd priestor pre va\u0161e podnikanie.<\/p>\n\n\n\n<p><\/p>\n\n\n\n<p><a href=\"https:\/\/www.dukas-partizanske.sk\/?cat=183\">Vo\u013en\u00e9 priestory &#8211; Biznis Centrum Dukas 1. poschodie<\/a><br><a href=\"https:\/\/www.dukas-partizanske.sk\/?cat=184\">Vo\u013en\u00e9 priestory &#8211; Biznis Centrum Dukas 2. poschodie<\/a><br><a href=\"https:\/\/www.dukas-partizanske.sk\/?cat=185\">Vo\u013en\u00e9 priestory &#8211; Biznis Centrum Dukas 3. poschodie<\/a><\/p>\n\n\n\n<p><a href=\"https:\/\/www.dukas-partizanske.sk\/?page_id=1708\">Vo\u013en\u00e9 priestory &#8211; Kask\u00e1da<\/a><\/p>\n\n\n\n<p><\/p>\n","protected":false},"excerpt":{"rendered":"<p>Vitajte v na\u0161ej kateg\u00f3rii &#8222;Vo\u013en\u00e9 priestory&#8220;! Tu si m\u00f4\u017eete prezrie\u0165 aktu\u00e1lne vo\u013en\u00e9 kancel\u00e1rske a obchodn\u00e9 priestory, ktor\u00e9 pon\u00fakame. Sta\u010d\u00ed jednoducho rozklikn\u00fa\u0165 menu &#8222;Vo\u013en\u00e9 priestory&#8220; a&hellip;<\/p>\n","protected":false},"author":1,"featured_media":1690,"parent":0,"menu_order":0,"comment_status":"closed","ping_status":"open","template":"","meta":{"footnotes":""},"categories":[],"tags":[193],"class_list":["post-2","page","type-page","status-publish","has-post-thumbnail","hentry","tag-volne-priestory"],"aioseo_notices":[],"_links":{"self":[{"href":"https:\/\/www.dukas-partizanske.sk\/index.php?rest_route=\/wp\/v2\/pages\/2","targetHints":{"allow":["GET"]}}],"collection":[{"href":"https:\/\/www.dukas-partizanske.sk\/index.php?rest_route=\/wp\/v2\/pages"}],"about":[{"href":"https:\/\/www.dukas-partizanske.sk\/index.php?rest_route=\/wp\/v2\/types\/page"}],"author":[{"embeddable":true,"href":"https:\/\/www.dukas-partizanske.sk\/index.php?rest_route=\/wp\/v2\/users\/1"}],"replies":[{"embeddable":true,"href":"https:\/\/www.dukas-partizanske.sk\/index.php?rest_route=%2Fwp%2Fv2%2Fcomments&post=2"}],"version-history":[{"count":1,"href":"https:\/\/www.dukas-partizanske.sk\/index.php?rest_route=\/wp\/v2\/pages\/2\/revisions"}],"predecessor-version":[{"id":1789,"href":"https:\/\/www.dukas-partizanske.sk\/index.php?rest_route=\/wp\/v2\/pages\/2\/revisions\/1789"}],"wp:featuredmedia":[{"embeddable":true,"href":"https:\/\/www.dukas-partizanske.sk\/index.php?rest_route=\/wp\/v2\/media\/1690"}],"wp:attachment":[{"href":"https:\/\/www.dukas-partizanske.sk\/index.php?rest_route=%2Fwp%2Fv2%2Fmedia&parent=2"}],"wp:term":[{"taxonomy":"category","embeddable":true,"href":"https:\/\/www.dukas-partizanske.sk\/index.php?rest_route=%2Fwp%2Fv2%2Fcategories&post=2"},{"taxonomy":"post_tag","embeddable":true,"href":"https:\/\/www.dukas-partizanske.sk\/index.php?rest_route=%2Fwp%2Fv2%2Ftags&post=2"}],"curies":[{"name":"wp","href":"https:\/\/api.w.org\/{rel}","templated":true}]}}