{"id":1977,"date":"2024-03-18T20:56:24","date_gmt":"2024-03-18T19:56:24","guid":{"rendered":"https:\/\/www.dukas-partizanske.sk\/?page_id=1977"},"modified":"2024-03-18T20:56:25","modified_gmt":"2024-03-18T19:56:25","slug":"staff-ag-personalna-agentura","status":"publish","type":"page","link":"https:\/\/www.dukas-partizanske.sk\/?page_id=1977","title":{"rendered":"STAFF AG &#8211; Person\u00e1lna agent\u00fara"},"content":{"rendered":"\n<p>Pracovn\u00e1 agent\u00fara, ktor\u00e1 u\u017e viac ako 12 rokov zabezpe\u010duje pr\u00e1cu &#8230;<\/p>\n\n\n\n<p><strong>Web: <a href=\"https:\/\/www.staffag.sk\">https:\/\/www.staffag.sk<\/a><\/strong><\/p>\n\n\n\n<h3 class=\"wp-block-heading\"><strong>Inform\u00e1cie o Pobo\u010dke:<\/strong><\/h3>\n\n\n\n<ul class=\"wp-block-list\">\n<li><strong>Adresa:<\/strong> Gen. Svobodu 1069\/4, 958 01 Partiz\u00e1nske<\/li>\n\n\n\n<li><strong>Poschodie:<\/strong> 2. poschodie<\/li>\n<\/ul>\n\n\n\n<h3 class=\"wp-block-heading\"><strong>Otv\u00e1racie Hodiny:<\/strong><\/h3>\n\n\n\n<ul class=\"wp-block-list\">\n<li><strong>Pondelok \u2013 Piatok:<\/strong> 8.00 \u2013 16.00<\/li>\n\n\n\n<li><strong>Sobota:<\/strong> Zatvoren\u00e9<\/li>\n\n\n\n<li><strong>Nede\u013ea:<\/strong> Zatvoren\u00e9<\/li>\n<\/ul>\n\n\n\n<h3 class=\"wp-block-heading\"><strong>Kontakt:<\/strong><\/h3>\n\n\n\n<ul class=\"wp-block-list\">\n<li><strong>Vlasta Urbanov\u00e1 &#8211; Person\u00e1lny konzultant &#8211; 0948 380 754<\/strong><\/li>\n<\/ul>\n","protected":false},"excerpt":{"rendered":"<p>Pracovn\u00e1 agent\u00fara, ktor\u00e1 u\u017e viac ako 12 rokov zabezpe\u010duje pr\u00e1cu &#8230; Web: https:\/\/www.staffag.sk Inform\u00e1cie o Pobo\u010dke: Otv\u00e1racie Hodiny: Kontakt:<\/p>\n","protected":false},"author":1,"featured_media":1635,"parent":0,"menu_order":0,"comment_status":"closed","ping_status":"closed","template":"","meta":{"footnotes":""},"categories":[191],"tags":[186,204,211],"class_list":["post-1977","page","type-page","status-publish","has-post-thumbnail","hentry","category-klienti","tag-biznis-centrum-dukas","tag-klienti","tag-staff"],"aioseo_notices":[],"_links":{"self":[{"href":"https:\/\/www.dukas-partizanske.sk\/index.php?rest_route=\/wp\/v2\/pages\/1977","targetHints":{"allow":["GET"]}}],"collection":[{"href":"https:\/\/www.dukas-partizanske.sk\/index.php?rest_route=\/wp\/v2\/pages"}],"about":[{"href":"https:\/\/www.dukas-partizanske.sk\/index.php?rest_route=\/wp\/v2\/types\/page"}],"author":[{"embeddable":true,"href":"https:\/\/www.dukas-partizanske.sk\/index.php?rest_route=\/wp\/v2\/users\/1"}],"replies":[{"embeddable":true,"href":"https:\/\/www.dukas-partizanske.sk\/index.php?rest_route=%2Fwp%2Fv2%2Fcomments&post=1977"}],"version-history":[{"count":1,"href":"https:\/\/www.dukas-partizanske.sk\/index.php?rest_route=\/wp\/v2\/pages\/1977\/revisions"}],"predecessor-version":[{"id":1979,"href":"https:\/\/www.dukas-partizanske.sk\/index.php?rest_route=\/wp\/v2\/pages\/1977\/revisions\/1979"}],"wp:featuredmedia":[{"embeddable":true,"href":"https:\/\/www.dukas-partizanske.sk\/index.php?rest_route=\/wp\/v2\/media\/1635"}],"wp:attachment":[{"href":"https:\/\/www.dukas-partizanske.sk\/index.php?rest_route=%2Fwp%2Fv2%2Fmedia&parent=1977"}],"wp:term":[{"taxonomy":"category","embeddable":true,"href":"https:\/\/www.dukas-partizanske.sk\/index.php?rest_route=%2Fwp%2Fv2%2Fcategories&post=1977"},{"taxonomy":"post_tag","embeddable":true,"href":"https:\/\/www.dukas-partizanske.sk\/index.php?rest_route=%2Fwp%2Fv2%2Ftags&post=1977"}],"curies":[{"name":"wp","href":"https:\/\/api.w.org\/{rel}","templated":true}]}}