{"id":1890,"date":"2024-03-10T19:49:15","date_gmt":"2024-03-10T18:49:15","guid":{"rendered":"https:\/\/www.dukas-partizanske.sk\/?page_id=1890"},"modified":"2024-03-10T19:49:17","modified_gmt":"2024-03-10T18:49:17","slug":"jazykova-skola-zaraz","status":"publish","type":"page","link":"https:\/\/www.dukas-partizanske.sk\/?page_id=1890","title":{"rendered":"Jazykov\u00e1 \u0161kola ZARAZ"},"content":{"rendered":"<div class=\"wp-block-image\">\n<figure class=\"alignleft size-full\"><img decoding=\"async\" width=\"124\" height=\"95\" src=\"https:\/\/www.dukas-partizanske.sk\/wp-content\/uploads\/2024\/03\/zaraz.png\" alt=\"\" class=\"wp-image-1892\"\/><\/figure>\n<\/div>\n\n\n<p><strong>Adresa pobo\u010dky:<\/strong><br>Gener\u00e1la Svobodu 1069\/4 \u2013 2. poschodie<br>958 01 Partiz\u00e1nske<br>(Biznis centrum DUKAS, b\u00fdval\u00e9 OGAKO)<\/p>\n\n\n\n<p><strong>Kontakt:<\/strong><br>Mgr. Andrea Ga\u0161parovi\u010dov\u00e1 \u2013 ved\u00faca pobo\u010dky<br>Telef\u00f3n: 0948 203 814<br>Email: andreagasparovicova@zaraz.sk<\/p>\n\n\n\n<p><strong>\u010cinnos\u0165:<\/strong><\/p>\n\n\n\n<p><strong>Slu\u017eby:<\/strong><\/p>\n\n\n\n<ul class=\"wp-block-list\">\n<li>Individu\u00e1lne kurzy<\/li>\n\n\n\n<li>Skupinov\u00e9 kurzy<\/li>\n\n\n\n<li>Firemn\u00e9 kurzy<\/li>\n<\/ul>\n\n\n\n<p><strong>\u0160pecializujeme sa na:<\/strong><\/p>\n\n\n\n<ol class=\"wp-block-list\">\n<li><strong>Vy\u00fa\u010dba:<\/strong><\/li>\n<\/ol>\n\n\n\n<ul class=\"wp-block-list\">\n<li>Anglick\u00e9ho jazyka<\/li>\n\n\n\n<li>Nemeck\u00e9ho jazyka<\/li>\n\n\n\n<li>Rusk\u00e9ho jazyka<\/li>\n\n\n\n<li>\u0160panielskeho jazyka<\/li>\n<\/ul>\n\n\n\n<p><strong>\u0160peci\u00e1lne programy:<\/strong><\/p>\n\n\n\n<ul class=\"wp-block-list\">\n<li>Sloven\u010dina pre cudzincov \/ Slovak for foreigners<\/li>\n\n\n\n<li>Nem\u010dina pre opatrovate\u013eky<\/li>\n<\/ul>\n\n\n\n<p><strong>Dokumenty:<\/strong><br>\u0160pecializujeme sa na preklady nasleduj\u00facich dokumentov:<\/p>\n\n\n\n<ul class=\"wp-block-list\">\n<li>N\u00e1vody<\/li>\n\n\n\n<li>Obchodn\u00e9 zmluvy<\/li>\n<\/ul>\n\n\n\n<p>Na\u0161a expert\u00edza a individu\u00e1lny pr\u00edstup v\u00e1m zaru\u010duj\u00fa vysok\u00fa kvalitu v\u00fdu\u010dby, prekladov a slu\u017eieb v oblasti jazykov\u00fdch pobytoch. Nechajte sa o\u010dari\u0165 svetom jazykov s Jazykovou \u0161kolou Zaraz!<\/p>\n\n\n\n<p><strong>\u0160irok\u00e1 \u0161k\u00e1la kurzov:<\/strong><br>Pon\u00fakame \u0161irok\u00fa \u0161k\u00e1lu kurzov pre cudz\u00edch jazykov a sloven\u010dinu pre cudzincov. Na\u0161a ponuka zah\u0155\u0148a skupinov\u00e9, individu\u00e1lne, firemn\u00e9 a online kurzy, aby sme vyhoveli r\u00f4znym potreb\u00e1m a preferenci\u00e1m na\u0161ich \u0161tudentov.<\/p>\n\n\n\n<p><strong>\u0160pi\u010dkov\u00ed lektori:<\/strong><br>S na\u0161imi \u0161pi\u010dkov\u00fdmi lektormi garantujeme kvalitn\u00fa v\u00fdu\u010dbu. Starostlivo vyber\u00e1me lektorov a poskytujeme im \u0161kolenia vlastn\u00fdch vyu\u010dovac\u00edch met\u00f3d. Vychutnajte si u\u010denie v priate\u013eskej atmosf\u00e9re s lektormi, ktor\u00ed miluj\u00fa svoju pr\u00e1cu.<\/p>\n\n\n\n<p><strong>Vysok\u00e1 miera progresu:<\/strong><br>Na\u0161e vyu\u010dovacie met\u00f3dy s\u00fa zameran\u00e9 na to, aby \u0161tudent r\u00fdchlo napredoval v cudzom jazyku. U\u010d\u00edme ho myslie\u0165 a hovori\u0165 v novom jazyku od sam\u00e9ho za\u010diatku. Tajomstvo r\u00fdchleho progresu na\u0161ich \u0161tudentov spo\u010d\u00edva v na\u0161om individu\u00e1lnom pr\u00edstupe a d\u00f4razu na praktick\u00e9 jazykov\u00e9 zru\u010dnosti.<\/p>\n","protected":false},"excerpt":{"rendered":"<p>Adresa pobo\u010dky:Gener\u00e1la Svobodu 1069\/4 \u2013 2. poschodie958 01 Partiz\u00e1nske(Biznis centrum DUKAS, b\u00fdval\u00e9 OGAKO) Kontakt:Mgr. Andrea Ga\u0161parovi\u010dov\u00e1 \u2013 ved\u00faca pobo\u010dkyTelef\u00f3n: 0948 203 814Email: andreagasparovicova@zaraz.sk \u010cinnos\u0165: Slu\u017eby:&hellip;<\/p>\n","protected":false},"author":1,"featured_media":1892,"parent":0,"menu_order":0,"comment_status":"closed","ping_status":"closed","template":"","meta":{"footnotes":""},"categories":[191],"tags":[186,188],"class_list":["post-1890","page","type-page","status-publish","has-post-thumbnail","hentry","category-klienti","tag-biznis-centrum-dukas","tag-kancelaria"],"aioseo_notices":[],"_links":{"self":[{"href":"https:\/\/www.dukas-partizanske.sk\/index.php?rest_route=\/wp\/v2\/pages\/1890","targetHints":{"allow":["GET"]}}],"collection":[{"href":"https:\/\/www.dukas-partizanske.sk\/index.php?rest_route=\/wp\/v2\/pages"}],"about":[{"href":"https:\/\/www.dukas-partizanske.sk\/index.php?rest_route=\/wp\/v2\/types\/page"}],"author":[{"embeddable":true,"href":"https:\/\/www.dukas-partizanske.sk\/index.php?rest_route=\/wp\/v2\/users\/1"}],"replies":[{"embeddable":true,"href":"https:\/\/www.dukas-partizanske.sk\/index.php?rest_route=%2Fwp%2Fv2%2Fcomments&post=1890"}],"version-history":[{"count":1,"href":"https:\/\/www.dukas-partizanske.sk\/index.php?rest_route=\/wp\/v2\/pages\/1890\/revisions"}],"predecessor-version":[{"id":1894,"href":"https:\/\/www.dukas-partizanske.sk\/index.php?rest_route=\/wp\/v2\/pages\/1890\/revisions\/1894"}],"wp:featuredmedia":[{"embeddable":true,"href":"https:\/\/www.dukas-partizanske.sk\/index.php?rest_route=\/wp\/v2\/media\/1892"}],"wp:attachment":[{"href":"https:\/\/www.dukas-partizanske.sk\/index.php?rest_route=%2Fwp%2Fv2%2Fmedia&parent=1890"}],"wp:term":[{"taxonomy":"category","embeddable":true,"href":"https:\/\/www.dukas-partizanske.sk\/index.php?rest_route=%2Fwp%2Fv2%2Fcategories&post=1890"},{"taxonomy":"post_tag","embeddable":true,"href":"https:\/\/www.dukas-partizanske.sk\/index.php?rest_route=%2Fwp%2Fv2%2Ftags&post=1890"}],"curies":[{"name":"wp","href":"https:\/\/api.w.org\/{rel}","templated":true}]}}