{"id":1863,"date":"2024-03-07T08:37:39","date_gmt":"2024-03-07T07:37:39","guid":{"rendered":"https:\/\/www.dukas-partizanske.sk\/?page_id=1863"},"modified":"2024-03-18T16:25:30","modified_gmt":"2024-03-18T15:25:30","slug":"priestor-c-105","status":"publish","type":"page","link":"https:\/\/www.dukas-partizanske.sk\/?page_id=1863","title":{"rendered":"Priestor \u010d. 105"},"content":{"rendered":"\n<div class=\"wp-block-cover alignleft\" style=\"min-height:248px;aspect-ratio:unset;\"><span aria-hidden=\"true\" class=\"wp-block-cover__background has-background-dim\"><\/span><img fetchpriority=\"high\" decoding=\"async\" width=\"576\" height=\"1024\" class=\"wp-block-cover__image-background wp-image-1864\" alt=\"\" src=\"https:\/\/www.dukas-partizanske.sk\/wp-content\/uploads\/2024\/03\/IMG_20240306_083940-1-576x1024.jpg\" data-object-fit=\"cover\" srcset=\"https:\/\/www.dukas-partizanske.sk\/wp-content\/uploads\/2024\/03\/IMG_20240306_083940-1-576x1024.jpg 576w, https:\/\/www.dukas-partizanske.sk\/wp-content\/uploads\/2024\/03\/IMG_20240306_083940-1-169x300.jpg 169w, https:\/\/www.dukas-partizanske.sk\/wp-content\/uploads\/2024\/03\/IMG_20240306_083940-1-768x1365.jpg 768w, https:\/\/www.dukas-partizanske.sk\/wp-content\/uploads\/2024\/03\/IMG_20240306_083940-1-864x1536.jpg 864w, https:\/\/www.dukas-partizanske.sk\/wp-content\/uploads\/2024\/03\/IMG_20240306_083940-1-1153x2048.jpg 1153w, https:\/\/www.dukas-partizanske.sk\/wp-content\/uploads\/2024\/03\/IMG_20240306_083940-1-scaled.jpg 1441w\" sizes=\"(max-width: 576px) 100vw, 576px\" \/><div class=\"wp-block-cover__inner-container is-layout-flow wp-block-cover-is-layout-flow\">\n<p class=\"has-text-align-center has-large-font-size\">20 m<sup>2<\/sup><\/p>\n<\/div><\/div>\n\n\n\n<p>Vitajte v ponuke priestoru \u010d. 105 v trojpodla\u017enej budove Biznis Centra Dukas v Partiz\u00e1nskom! <\/p>\n\n\n\n<p><\/p>\n\n\n\n<p><\/p>\n\n\n\n<p><\/p>\n\n\n\n<p><\/p>\n\n\n\n<p>Tento kancel\u00e1rsky priestor, umiestnen\u00fd na 1. poschod\u00ed budovy, je ide\u00e1lnou vo\u013ebou pre va\u0161e podnikanie. S rozlohou 20 m<sup>2 <\/sup>pon\u00faka dostatok miesta pre va\u0161e potreby.<\/p>\n\n\n\n<ul class=\"wp-block-list\">\n<li><strong>Poloha:<\/strong> Nach\u00e1dza sa v trojpodla\u017enej budove Biznis Centra Dukas v Partiz\u00e1nskom.<\/li>\n\n\n\n<li><strong>Rozloha:<\/strong> 20 m2<\/li>\n\n\n\n<li><strong>Flexibilita vo vyu\u017eit\u00ed:<\/strong> Mo\u017enos\u0165 fungova\u0165 ako samostatn\u00e1 kancel\u00e1ria alebo by\u0165 prepojen\u00fd s ved\u013eaj\u0161\u00edm priestorom.<\/li>\n\n\n\n<li><strong>Dostupnos\u0165:<\/strong> Ihne\u010f vo\u013en\u00fd<\/li>\n\n\n\n<li><strong>Vybavenie:<\/strong> Pl\u00e1vaj\u00faca podlaha, stropn\u00e9 kazetov\u00e9 ne\u00f3nov\u00e9 svietidl\u00e1<\/li>\n<\/ul>\n\n\n\n<p>Priestor je ihne\u010f vo\u013en\u00fd a pripraven\u00fd na va\u0161e vyu\u017eitie. H\u013ead\u00e1te pren\u00e1jom kancel\u00e1rskeho priestoru v Partiz\u00e1nskom? Tento priestor je pr\u00e1ve pre v\u00e1s!<\/p>\n\n\n\n<p>Nezme\u0161kajte t\u00fato jedine\u010dn\u00fa pr\u00edle\u017eitos\u0165 a<a href=\"https:\/\/www.dukas-partizanske.sk\/?page_id=1430\"> kontaktujte<\/a> n\u00e1s e\u0161te dnes!<\/p>\n\n\n\n<figure class=\"wp-block-embed is-type-video is-provider-youtube wp-block-embed-youtube wp-embed-aspect-16-9 wp-has-aspect-ratio\"><div class=\"wp-block-embed__wrapper\">\n<iframe title=\"Priestor \u010d. 105\" width=\"843\" height=\"474\" src=\"https:\/\/www.youtube.com\/embed\/chh4JHvxwrA?feature=oembed\" frameborder=\"0\" allow=\"accelerometer; autoplay; clipboard-write; encrypted-media; gyroscope; picture-in-picture; web-share\" allowfullscreen><\/iframe>\n<\/div><\/figure>\n\n\n\n<figure class=\"wp-block-gallery has-nested-images columns-default is-cropped wp-block-gallery-1 is-layout-flex wp-block-gallery-is-layout-flex\">\n<figure class=\"wp-block-image size-large\"><a href=\"https:\/\/www.dukas-partizanske.sk\/wp-content\/uploads\/2024\/03\/IMG_20240306_083948-scaled.jpg\"><img decoding=\"async\" width=\"577\" height=\"1024\" data-id=\"1854\" src=\"https:\/\/www.dukas-partizanske.sk\/wp-content\/uploads\/2024\/03\/IMG_20240306_083948-577x1024.jpg\" alt=\"\" class=\"wp-image-1854\" srcset=\"https:\/\/www.dukas-partizanske.sk\/wp-content\/uploads\/2024\/03\/IMG_20240306_083948-577x1024.jpg 577w, https:\/\/www.dukas-partizanske.sk\/wp-content\/uploads\/2024\/03\/IMG_20240306_083948-169x300.jpg 169w, https:\/\/www.dukas-partizanske.sk\/wp-content\/uploads\/2024\/03\/IMG_20240306_083948-768x1362.jpg 768w, https:\/\/www.dukas-partizanske.sk\/wp-content\/uploads\/2024\/03\/IMG_20240306_083948-866x1536.jpg 866w, https:\/\/www.dukas-partizanske.sk\/wp-content\/uploads\/2024\/03\/IMG_20240306_083948-1155x2048.jpg 1155w, https:\/\/www.dukas-partizanske.sk\/wp-content\/uploads\/2024\/03\/IMG_20240306_083948-scaled.jpg 1443w\" sizes=\"(max-width: 577px) 100vw, 577px\" \/><\/a><\/figure>\n\n\n\n<figure class=\"wp-block-image size-large\"><a href=\"https:\/\/www.dukas-partizanske.sk\/wp-content\/uploads\/2024\/03\/IMG_20240306_083940-1-scaled.jpg\"><img decoding=\"async\" width=\"576\" height=\"1024\" data-id=\"1864\" src=\"https:\/\/www.dukas-partizanske.sk\/wp-content\/uploads\/2024\/03\/IMG_20240306_083940-1-576x1024.jpg\" alt=\"\" class=\"wp-image-1864\" srcset=\"https:\/\/www.dukas-partizanske.sk\/wp-content\/uploads\/2024\/03\/IMG_20240306_083940-1-576x1024.jpg 576w, https:\/\/www.dukas-partizanske.sk\/wp-content\/uploads\/2024\/03\/IMG_20240306_083940-1-169x300.jpg 169w, https:\/\/www.dukas-partizanske.sk\/wp-content\/uploads\/2024\/03\/IMG_20240306_083940-1-768x1365.jpg 768w, https:\/\/www.dukas-partizanske.sk\/wp-content\/uploads\/2024\/03\/IMG_20240306_083940-1-864x1536.jpg 864w, https:\/\/www.dukas-partizanske.sk\/wp-content\/uploads\/2024\/03\/IMG_20240306_083940-1-1153x2048.jpg 1153w, https:\/\/www.dukas-partizanske.sk\/wp-content\/uploads\/2024\/03\/IMG_20240306_083940-1-scaled.jpg 1441w\" sizes=\"(max-width: 576px) 100vw, 576px\" \/><\/a><\/figure>\n\n\n\n<figure class=\"wp-block-image size-large\"><a href=\"https:\/\/www.dukas-partizanske.sk\/wp-content\/uploads\/2024\/03\/IMG_20240306_083940-scaled.jpg\"><img loading=\"lazy\" decoding=\"async\" width=\"576\" height=\"1024\" data-id=\"1853\" src=\"https:\/\/www.dukas-partizanske.sk\/wp-content\/uploads\/2024\/03\/IMG_20240306_083940-576x1024.jpg\" alt=\"\" class=\"wp-image-1853\" srcset=\"https:\/\/www.dukas-partizanske.sk\/wp-content\/uploads\/2024\/03\/IMG_20240306_083940-576x1024.jpg 576w, https:\/\/www.dukas-partizanske.sk\/wp-content\/uploads\/2024\/03\/IMG_20240306_083940-169x300.jpg 169w, https:\/\/www.dukas-partizanske.sk\/wp-content\/uploads\/2024\/03\/IMG_20240306_083940-768x1365.jpg 768w, https:\/\/www.dukas-partizanske.sk\/wp-content\/uploads\/2024\/03\/IMG_20240306_083940-864x1536.jpg 864w, https:\/\/www.dukas-partizanske.sk\/wp-content\/uploads\/2024\/03\/IMG_20240306_083940-1153x2048.jpg 1153w, https:\/\/www.dukas-partizanske.sk\/wp-content\/uploads\/2024\/03\/IMG_20240306_083940-scaled.jpg 1441w\" sizes=\"(max-width: 576px) 100vw, 576px\" \/><\/a><\/figure>\n<\/figure>\n","protected":false},"excerpt":{"rendered":"<p>Vitajte v ponuke priestoru \u010d. 105 v trojpodla\u017enej budove Biznis Centra Dukas v Partiz\u00e1nskom! Tento kancel\u00e1rsky priestor, umiestnen\u00fd na 1. poschod\u00ed budovy, je ide\u00e1lnou vo\u013ebou&hellip;<\/p>\n","protected":false},"author":1,"featured_media":1864,"parent":0,"menu_order":0,"comment_status":"closed","ping_status":"closed","template":"","meta":{"footnotes":""},"categories":[183],"tags":[186,188,189],"class_list":["post-1863","page","type-page","status-publish","has-post-thumbnail","hentry","category-biznis-centrum-1-poschodie","tag-biznis-centrum-dukas","tag-kancelaria","tag-obchodny-priestor"],"aioseo_notices":[],"_links":{"self":[{"href":"https:\/\/www.dukas-partizanske.sk\/index.php?rest_route=\/wp\/v2\/pages\/1863","targetHints":{"allow":["GET"]}}],"collection":[{"href":"https:\/\/www.dukas-partizanske.sk\/index.php?rest_route=\/wp\/v2\/pages"}],"about":[{"href":"https:\/\/www.dukas-partizanske.sk\/index.php?rest_route=\/wp\/v2\/types\/page"}],"author":[{"embeddable":true,"href":"https:\/\/www.dukas-partizanske.sk\/index.php?rest_route=\/wp\/v2\/users\/1"}],"replies":[{"embeddable":true,"href":"https:\/\/www.dukas-partizanske.sk\/index.php?rest_route=%2Fwp%2Fv2%2Fcomments&post=1863"}],"version-history":[{"count":4,"href":"https:\/\/www.dukas-partizanske.sk\/index.php?rest_route=\/wp\/v2\/pages\/1863\/revisions"}],"predecessor-version":[{"id":1972,"href":"https:\/\/www.dukas-partizanske.sk\/index.php?rest_route=\/wp\/v2\/pages\/1863\/revisions\/1972"}],"wp:featuredmedia":[{"embeddable":true,"href":"https:\/\/www.dukas-partizanske.sk\/index.php?rest_route=\/wp\/v2\/media\/1864"}],"wp:attachment":[{"href":"https:\/\/www.dukas-partizanske.sk\/index.php?rest_route=%2Fwp%2Fv2%2Fmedia&parent=1863"}],"wp:term":[{"taxonomy":"category","embeddable":true,"href":"https:\/\/www.dukas-partizanske.sk\/index.php?rest_route=%2Fwp%2Fv2%2Fcategories&post=1863"},{"taxonomy":"post_tag","embeddable":true,"href":"https:\/\/www.dukas-partizanske.sk\/index.php?rest_route=%2Fwp%2Fv2%2Ftags&post=1863"}],"curies":[{"name":"wp","href":"https:\/\/api.w.org\/{rel}","templated":true}]}}