{"id":1718,"date":"2024-02-29T10:08:00","date_gmt":"2024-02-29T09:08:00","guid":{"rendered":"https:\/\/www.dukas-partizanske.sk\/?page_id=1718"},"modified":"2024-02-29T16:40:10","modified_gmt":"2024-02-29T15:40:10","slug":"priestor-c-107","status":"publish","type":"page","link":"https:\/\/www.dukas-partizanske.sk\/?page_id=1718","title":{"rendered":"Priestor \u010d. 107"},"content":{"rendered":"\n<div class=\"wp-block-cover alignleft\"><span aria-hidden=\"true\" class=\"wp-block-cover__background has-background-dim\"><\/span><img fetchpriority=\"high\" decoding=\"async\" width=\"577\" height=\"1024\" class=\"wp-block-cover__image-background wp-image-1719\" alt=\"\" src=\"https:\/\/www.dukas-partizanske.sk\/wp-content\/uploads\/2024\/02\/IMG_20240229_090005-577x1024.jpg\" data-object-fit=\"cover\" srcset=\"https:\/\/www.dukas-partizanske.sk\/wp-content\/uploads\/2024\/02\/IMG_20240229_090005-577x1024.jpg 577w, https:\/\/www.dukas-partizanske.sk\/wp-content\/uploads\/2024\/02\/IMG_20240229_090005-169x300.jpg 169w, https:\/\/www.dukas-partizanske.sk\/wp-content\/uploads\/2024\/02\/IMG_20240229_090005-768x1362.jpg 768w, https:\/\/www.dukas-partizanske.sk\/wp-content\/uploads\/2024\/02\/IMG_20240229_090005-866x1536.jpg 866w, https:\/\/www.dukas-partizanske.sk\/wp-content\/uploads\/2024\/02\/IMG_20240229_090005-1155x2048.jpg 1155w, https:\/\/www.dukas-partizanske.sk\/wp-content\/uploads\/2024\/02\/IMG_20240229_090005-scaled.jpg 1443w\" sizes=\"(max-width: 577px) 100vw, 577px\" \/><div class=\"wp-block-cover__inner-container is-layout-flow wp-block-cover-is-layout-flow\">\n<p class=\"has-text-align-center has-large-font-size\">36 m<sup>2<\/sup><\/p>\n<\/div><\/div>\n\n\n\n<p>Stret\u00e1vate sa s rozhodnut\u00edm, kde zabezpe\u010di\u0165 vhodn\u00fd priestor pre va\u0161e podnikanie? Kancel\u00e1rsky priestor \u010d. 107 v Biznis Centre Dukas je tu, aby splnil va\u0161e obchodn\u00e9 potreby a pon\u00fakol v\u00e1m viac ako len be\u017en\u00e9 pracovn\u00e9 prostredie.<\/p>\n\n\n\n<p><strong>Ve\u013ekos\u0165 priestoru: 36 m2<\/strong><\/p>\n\n\n\n<ul class=\"wp-block-list\">\n<li><strong>Strat\u00e9gick\u00e1 Lokalita:<\/strong> Svojou polohou v centre mesta Partiz\u00e1nskeho je tento priestor ide\u00e1lnym miestom pre va\u0161e podnikanie. Bl\u00edzkos\u0165 k vysokej ob\u010dianskej vybavenosti a \u010fal\u0161\u00edm podnikate\u013esk\u00fdm zdrojom u\u013eah\u010duje plynul\u00fd chod v\u00e1\u0161ho podniku a poskytuje pr\u00edstup k potrebn\u00fdm slu\u017eb\u00e1m a zdrojom.<\/li>\n<\/ul>\n\n\n\n<p><\/p>\n\n\n\n<ul class=\"wp-block-list\">\n<li><strong>Flexibilita:<\/strong> Kancel\u00e1rsky priestor \u010d. 107 je navrhnut\u00fd s oh\u013eadom na va\u0161e potreby. Okrem kancel\u00e1rskej pr\u00e1ce poskytuje prostredie, ktor\u00e9 je vhodn\u00e9 aj pre stretnutia s klientmi, obchodn\u00e9 prezent\u00e1cie a \u010fal\u0161ie podnikate\u013esk\u00e9 aktivity. Jeho flexibilita umo\u017e\u0148uje prisp\u00f4sobi\u0165 sa meniacim sa potreb\u00e1m v\u00e1\u0161ho podnikania.<\/li>\n<\/ul>\n\n\n\n<p><\/p>\n\n\n\n<ul class=\"wp-block-list\">\n<li><strong>Pr\u00edjemn\u00e9 Pracovn\u00e9 Prostredie:<\/strong> S presklen\u00fdmi oknami, ktor\u00fdmi pr\u00fadi prirodzen\u00e9 svetlo a stropn\u00fdmi svetlidlami, vytv\u00e1ra tento priestor pr\u00edjemn\u00fa a svetl\u00fa atmosf\u00e9ru, podporuj\u00facu produktivitu a kreativitu.<\/li>\n<\/ul>\n\n\n\n<p><\/p>\n\n\n\n<ul class=\"wp-block-list\">\n<li><strong>Podpora Va\u0161ich Obchodn\u00fdch Cie\u013eov:<\/strong> Pren\u00e1jom tohto priestoru v Biznis Centre Dukas v\u00e1m otv\u00e1ra dvere k mo\u017enostiam rastu a \u00faspechu. S pr\u00edstupom k r\u00f4znym obchodn\u00fdm zdrojom a slu\u017eb\u00e1m v okol\u00ed, m\u00f4\u017eete efekt\u00edvne posil\u0148ova\u0165 svoje obchodn\u00e9 ciele a rozv\u00edja\u0165 svoje podnikanie.<\/li>\n<\/ul>\n\n\n\n<p>Kancel\u00e1rsky priestor \u010d. 107 v Biznis Centre Dukas nie je len miestom na pr\u00e1cu, ale je to invest\u00edcia do v\u00e1\u0161ho \u00faspechu. Umo\u017en\u00ed v\u00e1m vytvori\u0165 si profesion\u00e1lne a podnikate\u013esky orientovan\u00e9 pracovn\u00e9 prostredie, ktor\u00e9 podporuje v\u00e1\u0161 rast a rozvoj.<\/p>\n\n\n\n<figure class=\"wp-block-video\"><video height=\"1280\" style=\"aspect-ratio: 720 \/ 1280;\" width=\"720\" autoplay controls loop src=\"https:\/\/www.dukas-partizanske.sk\/wp-content\/uploads\/2024\/02\/lv_0_20240229095040.mp4\"><\/video><\/figure>\n\n\n\n<figure class=\"wp-block-gallery has-nested-images columns-default is-cropped wp-block-gallery-1 is-layout-flex wp-block-gallery-is-layout-flex\">\n<figure class=\"wp-block-image size-large\"><a href=\"https:\/\/www.dukas-partizanske.sk\/wp-content\/uploads\/2024\/02\/IMG_20240229_085941-scaled.jpg\"><img decoding=\"async\" width=\"577\" height=\"1024\" data-id=\"1723\" src=\"https:\/\/www.dukas-partizanske.sk\/wp-content\/uploads\/2024\/02\/IMG_20240229_085941-577x1024.jpg\" alt=\"\" class=\"wp-image-1723\" srcset=\"https:\/\/www.dukas-partizanske.sk\/wp-content\/uploads\/2024\/02\/IMG_20240229_085941-577x1024.jpg 577w, https:\/\/www.dukas-partizanske.sk\/wp-content\/uploads\/2024\/02\/IMG_20240229_085941-169x300.jpg 169w, https:\/\/www.dukas-partizanske.sk\/wp-content\/uploads\/2024\/02\/IMG_20240229_085941-768x1362.jpg 768w, https:\/\/www.dukas-partizanske.sk\/wp-content\/uploads\/2024\/02\/IMG_20240229_085941-866x1536.jpg 866w, https:\/\/www.dukas-partizanske.sk\/wp-content\/uploads\/2024\/02\/IMG_20240229_085941-1155x2048.jpg 1155w, https:\/\/www.dukas-partizanske.sk\/wp-content\/uploads\/2024\/02\/IMG_20240229_085941-scaled.jpg 1443w\" sizes=\"(max-width: 577px) 100vw, 577px\" \/><\/a><\/figure>\n\n\n\n<figure class=\"wp-block-image size-large\"><a href=\"https:\/\/www.dukas-partizanske.sk\/wp-content\/uploads\/2024\/02\/IMG_20240229_085956-scaled.jpg\"><img decoding=\"async\" width=\"577\" height=\"1024\" data-id=\"1721\" src=\"https:\/\/www.dukas-partizanske.sk\/wp-content\/uploads\/2024\/02\/IMG_20240229_085956-577x1024.jpg\" alt=\"\" class=\"wp-image-1721\" srcset=\"https:\/\/www.dukas-partizanske.sk\/wp-content\/uploads\/2024\/02\/IMG_20240229_085956-577x1024.jpg 577w, https:\/\/www.dukas-partizanske.sk\/wp-content\/uploads\/2024\/02\/IMG_20240229_085956-169x300.jpg 169w, https:\/\/www.dukas-partizanske.sk\/wp-content\/uploads\/2024\/02\/IMG_20240229_085956-768x1362.jpg 768w, https:\/\/www.dukas-partizanske.sk\/wp-content\/uploads\/2024\/02\/IMG_20240229_085956-866x1536.jpg 866w, https:\/\/www.dukas-partizanske.sk\/wp-content\/uploads\/2024\/02\/IMG_20240229_085956-1155x2048.jpg 1155w, https:\/\/www.dukas-partizanske.sk\/wp-content\/uploads\/2024\/02\/IMG_20240229_085956-scaled.jpg 1443w\" sizes=\"(max-width: 577px) 100vw, 577px\" \/><\/a><\/figure>\n\n\n\n<figure class=\"wp-block-image size-large\"><a href=\"https:\/\/www.dukas-partizanske.sk\/wp-content\/uploads\/2024\/02\/IMG_20240229_085959-scaled.jpg\"><img loading=\"lazy\" decoding=\"async\" width=\"577\" height=\"1024\" data-id=\"1722\" src=\"https:\/\/www.dukas-partizanske.sk\/wp-content\/uploads\/2024\/02\/IMG_20240229_085959-577x1024.jpg\" alt=\"\" class=\"wp-image-1722\" srcset=\"https:\/\/www.dukas-partizanske.sk\/wp-content\/uploads\/2024\/02\/IMG_20240229_085959-577x1024.jpg 577w, https:\/\/www.dukas-partizanske.sk\/wp-content\/uploads\/2024\/02\/IMG_20240229_085959-169x300.jpg 169w, https:\/\/www.dukas-partizanske.sk\/wp-content\/uploads\/2024\/02\/IMG_20240229_085959-768x1362.jpg 768w, https:\/\/www.dukas-partizanske.sk\/wp-content\/uploads\/2024\/02\/IMG_20240229_085959-866x1536.jpg 866w, https:\/\/www.dukas-partizanske.sk\/wp-content\/uploads\/2024\/02\/IMG_20240229_085959-1155x2048.jpg 1155w, https:\/\/www.dukas-partizanske.sk\/wp-content\/uploads\/2024\/02\/IMG_20240229_085959-scaled.jpg 1443w\" sizes=\"(max-width: 577px) 100vw, 577px\" \/><\/a><\/figure>\n\n\n\n<figure class=\"wp-block-image size-large\"><a href=\"https:\/\/www.dukas-partizanske.sk\/wp-content\/uploads\/2024\/02\/IMG_20240229_090005-1-scaled.jpg\"><img loading=\"lazy\" decoding=\"async\" width=\"577\" height=\"1024\" data-id=\"1720\" src=\"https:\/\/www.dukas-partizanske.sk\/wp-content\/uploads\/2024\/02\/IMG_20240229_090005-1-577x1024.jpg\" alt=\"\" class=\"wp-image-1720\" srcset=\"https:\/\/www.dukas-partizanske.sk\/wp-content\/uploads\/2024\/02\/IMG_20240229_090005-1-577x1024.jpg 577w, https:\/\/www.dukas-partizanske.sk\/wp-content\/uploads\/2024\/02\/IMG_20240229_090005-1-169x300.jpg 169w, https:\/\/www.dukas-partizanske.sk\/wp-content\/uploads\/2024\/02\/IMG_20240229_090005-1-768x1362.jpg 768w, https:\/\/www.dukas-partizanske.sk\/wp-content\/uploads\/2024\/02\/IMG_20240229_090005-1-866x1536.jpg 866w, https:\/\/www.dukas-partizanske.sk\/wp-content\/uploads\/2024\/02\/IMG_20240229_090005-1-1155x2048.jpg 1155w, https:\/\/www.dukas-partizanske.sk\/wp-content\/uploads\/2024\/02\/IMG_20240229_090005-1-scaled.jpg 1443w\" sizes=\"(max-width: 577px) 100vw, 577px\" \/><\/a><\/figure>\n<\/figure>\n","protected":false},"excerpt":{"rendered":"<p>Stret\u00e1vate sa s rozhodnut\u00edm, kde zabezpe\u010di\u0165 vhodn\u00fd priestor pre va\u0161e podnikanie? Kancel\u00e1rsky priestor \u010d. 107 v Biznis Centre Dukas je tu, aby splnil va\u0161e obchodn\u00e9&hellip;<\/p>\n","protected":false},"author":1,"featured_media":1719,"parent":0,"menu_order":0,"comment_status":"closed","ping_status":"closed","template":"","meta":{"footnotes":""},"categories":[183],"tags":[186,187,188,189],"class_list":["post-1718","page","type-page","status-publish","has-post-thumbnail","hentry","category-biznis-centrum-1-poschodie","tag-biznis-centrum-dukas","tag-dukas","tag-kancelaria","tag-obchodny-priestor"],"aioseo_notices":[],"_links":{"self":[{"href":"https:\/\/www.dukas-partizanske.sk\/index.php?rest_route=\/wp\/v2\/pages\/1718","targetHints":{"allow":["GET"]}}],"collection":[{"href":"https:\/\/www.dukas-partizanske.sk\/index.php?rest_route=\/wp\/v2\/pages"}],"about":[{"href":"https:\/\/www.dukas-partizanske.sk\/index.php?rest_route=\/wp\/v2\/types\/page"}],"author":[{"embeddable":true,"href":"https:\/\/www.dukas-partizanske.sk\/index.php?rest_route=\/wp\/v2\/users\/1"}],"replies":[{"embeddable":true,"href":"https:\/\/www.dukas-partizanske.sk\/index.php?rest_route=%2Fwp%2Fv2%2Fcomments&post=1718"}],"version-history":[{"count":3,"href":"https:\/\/www.dukas-partizanske.sk\/index.php?rest_route=\/wp\/v2\/pages\/1718\/revisions"}],"predecessor-version":[{"id":1730,"href":"https:\/\/www.dukas-partizanske.sk\/index.php?rest_route=\/wp\/v2\/pages\/1718\/revisions\/1730"}],"wp:featuredmedia":[{"embeddable":true,"href":"https:\/\/www.dukas-partizanske.sk\/index.php?rest_route=\/wp\/v2\/media\/1719"}],"wp:attachment":[{"href":"https:\/\/www.dukas-partizanske.sk\/index.php?rest_route=%2Fwp%2Fv2%2Fmedia&parent=1718"}],"wp:term":[{"taxonomy":"category","embeddable":true,"href":"https:\/\/www.dukas-partizanske.sk\/index.php?rest_route=%2Fwp%2Fv2%2Fcategories&post=1718"},{"taxonomy":"post_tag","embeddable":true,"href":"https:\/\/www.dukas-partizanske.sk\/index.php?rest_route=%2Fwp%2Fv2%2Ftags&post=1718"}],"curies":[{"name":"wp","href":"https:\/\/api.w.org\/{rel}","templated":true}]}}