{"id":1694,"date":"2024-02-29T08:35:30","date_gmt":"2024-02-29T07:35:30","guid":{"rendered":"https:\/\/www.dukas-partizanske.sk\/?page_id=1694"},"modified":"2024-03-15T08:34:15","modified_gmt":"2024-03-15T07:34:15","slug":"biznis-centrum-dukas","status":"publish","type":"page","link":"https:\/\/www.dukas-partizanske.sk\/?page_id=1694","title":{"rendered":"Biznis Centrum Dukas"},"content":{"rendered":"<div class=\"wp-block-image\">\n<figure class=\"alignleft size-large is-resized\"><a href=\"https:\/\/www.dukas-partizanske.sk\/wp-content\/uploads\/2024\/02\/budova.jpg\"><img fetchpriority=\"high\" decoding=\"async\" width=\"1024\" height=\"768\" src=\"https:\/\/www.dukas-partizanske.sk\/wp-content\/uploads\/2024\/02\/budova-1024x768.jpg\" alt=\"\" class=\"wp-image-1695\" style=\"width:378px;height:auto\" srcset=\"https:\/\/www.dukas-partizanske.sk\/wp-content\/uploads\/2024\/02\/budova-1024x768.jpg 1024w, https:\/\/www.dukas-partizanske.sk\/wp-content\/uploads\/2024\/02\/budova-300x225.jpg 300w, https:\/\/www.dukas-partizanske.sk\/wp-content\/uploads\/2024\/02\/budova-768x576.jpg 768w, https:\/\/www.dukas-partizanske.sk\/wp-content\/uploads\/2024\/02\/budova.jpg 1280w\" sizes=\"(max-width: 1024px) 100vw, 1024px\" \/><\/a><\/figure>\n<\/div>\n\n\n<p>Biznis Centrum Dukas je strategicky umiestnen\u00e1 na ulici gen. Svobodu 1069\/4 v srdci Partiz\u00e1nskeho, pon\u00fakaj\u00fac ide\u00e1lne podmienky pre va\u0161e obchodn\u00e9 \u00faspechy. T\u00e1to budova sa nach\u00e1dza v centre mesta, v bl\u00edzkosti \u0161irokej ob\u010dianskej vybavenosti vr\u00e1tane vlakovej stanice, autobusovej stanice, stanice MHD, b\u00e1nk, re\u0161taur\u00e1ci\u00ed a \u010fal\u0161\u00edch podnikov. Pren\u00e1jom priestorov pon\u00faka vy\u0161e 20 rokov. Ak h\u013ead\u00e1te pren\u00e1jom kancel\u00e1rskych priestorov v Partiz\u00e1nskom, ste na spr\u00e1vnej adrese.<\/p>\n\n\n\n<p><\/p>\n\n\n\n<p><\/p>\n\n\n\n<p><\/p>\n\n\n\n<p><strong>Hlavn\u00e9 rysy budovy:<\/strong><\/p>\n\n\n\n<ul class=\"wp-block-list\">\n<li>Trojposchodov\u00e1 budova s celkovou podlahovou plochou pribli\u017ene 1500 m2, pri\u010dom prv\u00e9 poschodie je vyhraden\u00e9 pre obchodn\u00e9 \u00fa\u010dely<\/li>\n\n\n\n<li>Kancel\u00e1rske priestory s\u00fa k dispoz\u00edcii v r\u00f4znych ve\u013ekostiach, za\u010d\u00ednaj\u00fac od 18 m2, s mo\u017enos\u0165ou zv\u00e4\u010d\u0161enia priestoru pod\u013ea potreby<\/li>\n\n\n\n<li>Samostatn\u00fd bezbari\u00e9rov\u00fd v\u00fd\u0165ah a pohyb po budove, vr\u00e1tane bezbari\u00e9rov\u00e9ho vstupu<\/li>\n\n\n\n<li>P\u00e1nske a d\u00e1mske toalety a kuchynka na ka\u017edom poschod\u00ed, k dispoz\u00edcii iba pre klientov a ich host\u00ed<\/li>\n\n\n\n<li>O bezpe\u010dnos\u0165 budovy sa star\u00e1 nieko\u013eko kamerov\u00fdch syst\u00e9mov a zabezpe\u010dovac\u00ed alarm, pripojen\u00fd na pult mestskej pol\u00edcie<\/li>\n\n\n\n<li><strong>Otv\u00e1racie hodiny:<\/strong><\/li>\n\n\n\n<li>Pondelok &#8211; Piatok: 07:00 &#8211; 20:00<\/li>\n\n\n\n<li>Sobota: 08:00 &#8211; 14:00<\/li>\n\n\n\n<li>Nede\u013ea: Zatvoren\u00e9<\/li>\n\n\n\n<li>Parkovanie je k dispoz\u00edcii za poplatok na s\u00fakromnom parkovisku pred budovou, s ovl\u00e1da\u010dom od rampy pre ka\u017ed\u00e9ho klienta<\/li>\n\n\n\n<li>Reklamn\u00e9 a identifika\u010dn\u00e9 mo\u017enosti s\u00fa k dispoz\u00edcii na recepcii budovy, na poschod\u00ed a pred budovou na ve\u013ekej tabuli<\/li>\n<\/ul>\n\n\n\n<p>Biznis Centrum Dukas je va\u0161\u00edm spo\u013eahliv\u00fdm partnerom, ktor\u00fd poskytuje profesion\u00e1lne a bezpe\u010dn\u00e9 pracovn\u00e9 prostredie pre va\u0161e podnikanie. Nav\u0161t\u00edvte n\u00e1s a presved\u010dte sa o v\u00fdnimo\u010dnosti na\u0161ich slu\u017eieb!<\/p>\n\n\n\n<figure class=\"wp-block-gallery has-nested-images columns-default is-cropped wp-block-gallery-1 is-layout-flex wp-block-gallery-is-layout-flex\">\n<figure class=\"wp-block-image size-large\"><a href=\"https:\/\/www.dukas-partizanske.sk\/wp-content\/uploads\/2024\/02\/prenajom-kancelarii-v-partizanskom-lacno-d1-457-4575222_3.jpg\"><img decoding=\"async\" width=\"1024\" height=\"768\" data-id=\"1696\" src=\"https:\/\/www.dukas-partizanske.sk\/wp-content\/uploads\/2024\/02\/prenajom-kancelarii-v-partizanskom-lacno-d1-457-4575222_3-1024x768.jpg\" alt=\"\" class=\"wp-image-1696\" srcset=\"https:\/\/www.dukas-partizanske.sk\/wp-content\/uploads\/2024\/02\/prenajom-kancelarii-v-partizanskom-lacno-d1-457-4575222_3-1024x768.jpg 1024w, https:\/\/www.dukas-partizanske.sk\/wp-content\/uploads\/2024\/02\/prenajom-kancelarii-v-partizanskom-lacno-d1-457-4575222_3-300x225.jpg 300w, https:\/\/www.dukas-partizanske.sk\/wp-content\/uploads\/2024\/02\/prenajom-kancelarii-v-partizanskom-lacno-d1-457-4575222_3-768x576.jpg 768w, https:\/\/www.dukas-partizanske.sk\/wp-content\/uploads\/2024\/02\/prenajom-kancelarii-v-partizanskom-lacno-d1-457-4575222_3.jpg 1280w\" sizes=\"(max-width: 1024px) 100vw, 1024px\" \/><\/a><\/figure>\n\n\n\n<figure class=\"wp-block-image size-large\"><a href=\"https:\/\/www.dukas-partizanske.sk\/wp-content\/uploads\/2024\/02\/IMG_20240228_113127-scaled.jpg\"><img decoding=\"async\" width=\"576\" height=\"1024\" data-id=\"1697\" src=\"https:\/\/www.dukas-partizanske.sk\/wp-content\/uploads\/2024\/02\/IMG_20240228_113127-576x1024.jpg\" alt=\"\" class=\"wp-image-1697\" srcset=\"https:\/\/www.dukas-partizanske.sk\/wp-content\/uploads\/2024\/02\/IMG_20240228_113127-576x1024.jpg 576w, https:\/\/www.dukas-partizanske.sk\/wp-content\/uploads\/2024\/02\/IMG_20240228_113127-169x300.jpg 169w, https:\/\/www.dukas-partizanske.sk\/wp-content\/uploads\/2024\/02\/IMG_20240228_113127-768x1365.jpg 768w, https:\/\/www.dukas-partizanske.sk\/wp-content\/uploads\/2024\/02\/IMG_20240228_113127-864x1536.jpg 864w, https:\/\/www.dukas-partizanske.sk\/wp-content\/uploads\/2024\/02\/IMG_20240228_113127-1153x2048.jpg 1153w, https:\/\/www.dukas-partizanske.sk\/wp-content\/uploads\/2024\/02\/IMG_20240228_113127-scaled.jpg 1441w\" sizes=\"(max-width: 576px) 100vw, 576px\" \/><\/a><\/figure>\n\n\n\n<figure class=\"wp-block-image size-large\"><a href=\"https:\/\/www.dukas-partizanske.sk\/wp-content\/uploads\/2024\/02\/IMG_20240228_113133-scaled.jpg\"><img loading=\"lazy\" decoding=\"async\" width=\"576\" height=\"1024\" data-id=\"1698\" src=\"https:\/\/www.dukas-partizanske.sk\/wp-content\/uploads\/2024\/02\/IMG_20240228_113133-576x1024.jpg\" alt=\"\" class=\"wp-image-1698\" srcset=\"https:\/\/www.dukas-partizanske.sk\/wp-content\/uploads\/2024\/02\/IMG_20240228_113133-576x1024.jpg 576w, https:\/\/www.dukas-partizanske.sk\/wp-content\/uploads\/2024\/02\/IMG_20240228_113133-169x300.jpg 169w, https:\/\/www.dukas-partizanske.sk\/wp-content\/uploads\/2024\/02\/IMG_20240228_113133-768x1365.jpg 768w, https:\/\/www.dukas-partizanske.sk\/wp-content\/uploads\/2024\/02\/IMG_20240228_113133-864x1536.jpg 864w, https:\/\/www.dukas-partizanske.sk\/wp-content\/uploads\/2024\/02\/IMG_20240228_113133-1153x2048.jpg 1153w, https:\/\/www.dukas-partizanske.sk\/wp-content\/uploads\/2024\/02\/IMG_20240228_113133-scaled.jpg 1441w\" sizes=\"(max-width: 576px) 100vw, 576px\" \/><\/a><\/figure>\n\n\n\n<figure class=\"wp-block-image size-large\"><a href=\"https:\/\/www.dukas-partizanske.sk\/wp-content\/uploads\/2024\/02\/IMG_20240228_113138-scaled.jpg\"><img loading=\"lazy\" decoding=\"async\" width=\"576\" height=\"1024\" data-id=\"1699\" src=\"https:\/\/www.dukas-partizanske.sk\/wp-content\/uploads\/2024\/02\/IMG_20240228_113138-576x1024.jpg\" alt=\"\" class=\"wp-image-1699\" srcset=\"https:\/\/www.dukas-partizanske.sk\/wp-content\/uploads\/2024\/02\/IMG_20240228_113138-576x1024.jpg 576w, https:\/\/www.dukas-partizanske.sk\/wp-content\/uploads\/2024\/02\/IMG_20240228_113138-169x300.jpg 169w, https:\/\/www.dukas-partizanske.sk\/wp-content\/uploads\/2024\/02\/IMG_20240228_113138-768x1365.jpg 768w, https:\/\/www.dukas-partizanske.sk\/wp-content\/uploads\/2024\/02\/IMG_20240228_113138-864x1536.jpg 864w, https:\/\/www.dukas-partizanske.sk\/wp-content\/uploads\/2024\/02\/IMG_20240228_113138-1153x2048.jpg 1153w, https:\/\/www.dukas-partizanske.sk\/wp-content\/uploads\/2024\/02\/IMG_20240228_113138-scaled.jpg 1441w\" sizes=\"(max-width: 576px) 100vw, 576px\" \/><\/a><\/figure>\n\n\n\n<figure class=\"wp-block-image size-large\"><a href=\"https:\/\/www.dukas-partizanske.sk\/wp-content\/uploads\/2024\/02\/20161010_094931-scaled.jpg\"><img loading=\"lazy\" decoding=\"async\" width=\"577\" height=\"1024\" data-id=\"1700\" src=\"https:\/\/www.dukas-partizanske.sk\/wp-content\/uploads\/2024\/02\/20161010_094931-577x1024.jpg\" alt=\"\" class=\"wp-image-1700\" srcset=\"https:\/\/www.dukas-partizanske.sk\/wp-content\/uploads\/2024\/02\/20161010_094931-577x1024.jpg 577w, https:\/\/www.dukas-partizanske.sk\/wp-content\/uploads\/2024\/02\/20161010_094931-169x300.jpg 169w, https:\/\/www.dukas-partizanske.sk\/wp-content\/uploads\/2024\/02\/20161010_094931-768x1362.jpg 768w, https:\/\/www.dukas-partizanske.sk\/wp-content\/uploads\/2024\/02\/20161010_094931-866x1536.jpg 866w, https:\/\/www.dukas-partizanske.sk\/wp-content\/uploads\/2024\/02\/20161010_094931-1155x2048.jpg 1155w, https:\/\/www.dukas-partizanske.sk\/wp-content\/uploads\/2024\/02\/20161010_094931-scaled.jpg 1443w\" sizes=\"(max-width: 577px) 100vw, 577px\" \/><\/a><\/figure>\n\n\n\n<figure class=\"wp-block-image size-large\"><a href=\"https:\/\/www.dukas-partizanske.sk\/wp-content\/uploads\/2024\/02\/20161010_095302-scaled.jpg\"><img loading=\"lazy\" decoding=\"async\" width=\"1024\" height=\"577\" data-id=\"1701\" src=\"https:\/\/www.dukas-partizanske.sk\/wp-content\/uploads\/2024\/02\/20161010_095302-1024x577.jpg\" alt=\"\" class=\"wp-image-1701\" srcset=\"https:\/\/www.dukas-partizanske.sk\/wp-content\/uploads\/2024\/02\/20161010_095302-1024x577.jpg 1024w, https:\/\/www.dukas-partizanske.sk\/wp-content\/uploads\/2024\/02\/20161010_095302-300x169.jpg 300w, https:\/\/www.dukas-partizanske.sk\/wp-content\/uploads\/2024\/02\/20161010_095302-768x433.jpg 768w, https:\/\/www.dukas-partizanske.sk\/wp-content\/uploads\/2024\/02\/20161010_095302-1536x866.jpg 1536w, https:\/\/www.dukas-partizanske.sk\/wp-content\/uploads\/2024\/02\/20161010_095302-2048x1155.jpg 2048w\" sizes=\"(max-width: 1024px) 100vw, 1024px\" \/><\/a><\/figure>\n\n\n\n<figure class=\"wp-block-image size-large\"><a href=\"https:\/\/www.dukas-partizanske.sk\/wp-content\/uploads\/2024\/02\/20161010_095401-scaled.jpg\"><img loading=\"lazy\" decoding=\"async\" width=\"1024\" height=\"577\" data-id=\"1702\" src=\"https:\/\/www.dukas-partizanske.sk\/wp-content\/uploads\/2024\/02\/20161010_095401-1024x577.jpg\" alt=\"\" class=\"wp-image-1702\" srcset=\"https:\/\/www.dukas-partizanske.sk\/wp-content\/uploads\/2024\/02\/20161010_095401-1024x577.jpg 1024w, https:\/\/www.dukas-partizanske.sk\/wp-content\/uploads\/2024\/02\/20161010_095401-300x169.jpg 300w, https:\/\/www.dukas-partizanske.sk\/wp-content\/uploads\/2024\/02\/20161010_095401-768x433.jpg 768w, https:\/\/www.dukas-partizanske.sk\/wp-content\/uploads\/2024\/02\/20161010_095401-1536x866.jpg 1536w, https:\/\/www.dukas-partizanske.sk\/wp-content\/uploads\/2024\/02\/20161010_095401-2048x1155.jpg 2048w\" sizes=\"(max-width: 1024px) 100vw, 1024px\" \/><\/a><\/figure>\n<\/figure>\n","protected":false},"excerpt":{"rendered":"<p>Biznis Centrum Dukas je strategicky umiestnen\u00e1 na ulici gen. Svobodu 1069\/4 v srdci Partiz\u00e1nskeho, pon\u00fakaj\u00fac ide\u00e1lne podmienky pre va\u0161e obchodn\u00e9 \u00faspechy. T\u00e1to budova sa nach\u00e1dza&hellip;<\/p>\n","protected":false},"author":1,"featured_media":1695,"parent":0,"menu_order":0,"comment_status":"closed","ping_status":"closed","template":"","meta":{"footnotes":""},"categories":[],"tags":[196,197,195,198],"class_list":["post-1694","page","type-page","status-publish","has-post-thumbnail","hentry","tag-kancelarie","tag-partizanske","tag-prenajom-kancelarskych-priestorov","tag-priestory"],"aioseo_notices":[],"_links":{"self":[{"href":"https:\/\/www.dukas-partizanske.sk\/index.php?rest_route=\/wp\/v2\/pages\/1694","targetHints":{"allow":["GET"]}}],"collection":[{"href":"https:\/\/www.dukas-partizanske.sk\/index.php?rest_route=\/wp\/v2\/pages"}],"about":[{"href":"https:\/\/www.dukas-partizanske.sk\/index.php?rest_route=\/wp\/v2\/types\/page"}],"author":[{"embeddable":true,"href":"https:\/\/www.dukas-partizanske.sk\/index.php?rest_route=\/wp\/v2\/users\/1"}],"replies":[{"embeddable":true,"href":"https:\/\/www.dukas-partizanske.sk\/index.php?rest_route=%2Fwp%2Fv2%2Fcomments&post=1694"}],"version-history":[{"count":2,"href":"https:\/\/www.dukas-partizanske.sk\/index.php?rest_route=\/wp\/v2\/pages\/1694\/revisions"}],"predecessor-version":[{"id":1799,"href":"https:\/\/www.dukas-partizanske.sk\/index.php?rest_route=\/wp\/v2\/pages\/1694\/revisions\/1799"}],"wp:featuredmedia":[{"embeddable":true,"href":"https:\/\/www.dukas-partizanske.sk\/index.php?rest_route=\/wp\/v2\/media\/1695"}],"wp:attachment":[{"href":"https:\/\/www.dukas-partizanske.sk\/index.php?rest_route=%2Fwp%2Fv2%2Fmedia&parent=1694"}],"wp:term":[{"taxonomy":"category","embeddable":true,"href":"https:\/\/www.dukas-partizanske.sk\/index.php?rest_route=%2Fwp%2Fv2%2Fcategories&post=1694"},{"taxonomy":"post_tag","embeddable":true,"href":"https:\/\/www.dukas-partizanske.sk\/index.php?rest_route=%2Fwp%2Fv2%2Ftags&post=1694"}],"curies":[{"name":"wp","href":"https:\/\/api.w.org\/{rel}","templated":true}]}}