{"id":1601,"date":"2024-02-26T17:39:34","date_gmt":"2024-02-26T16:39:34","guid":{"rendered":"https:\/\/www.dukas-partizanske.sk\/?page_id=1601"},"modified":"2024-02-26T17:44:03","modified_gmt":"2024-02-26T16:44:03","slug":"vseobecna-uverova-banka-a-s","status":"publish","type":"page","link":"https:\/\/www.dukas-partizanske.sk\/?page_id=1601","title":{"rendered":"V\u0161eobecn\u00e1 \u00faverov\u00e1 banka a.s."},"content":{"rendered":"<div class=\"wp-block-image\">\n<figure class=\"alignleft size-full\"><img fetchpriority=\"high\" decoding=\"async\" width=\"400\" height=\"533\" src=\"https:\/\/www.dukas-partizanske.sk\/wp-content\/uploads\/2024\/02\/vuzb.jpg\" alt=\"\" class=\"wp-image-1608\" srcset=\"https:\/\/www.dukas-partizanske.sk\/wp-content\/uploads\/2024\/02\/vuzb.jpg 400w, https:\/\/www.dukas-partizanske.sk\/wp-content\/uploads\/2024\/02\/vuzb-225x300.jpg 225w\" sizes=\"(max-width: 400px) 100vw, 400px\" \/><\/figure>\n<\/div>\n\n\n<p>V srdci n\u00e1\u0161ho modern\u00e9ho obchodn\u00e9ho centra m\u00f4\u017eete n\u00e1js\u0165 pobo\u010dku V\u0161eobecnej \u00faverovej banky, ktor\u00e1 je jedn\u00fdm z na\u0161ich hrd\u00fdch n\u00e1jomcov. Jej pr\u00edtomnos\u0165 v na\u0161ej budove prin\u00e1\u0161a v\u00fdhody a pohodlie na\u0161im n\u00e1jomcom a n\u00e1v\u0161tevn\u00edkom.<\/p>\n\n\n\n<p><\/p>\n\n\n\n<p><\/p>\n\n\n\n<p><\/p>\n\n\n\n<p><\/p>\n\n\n\n<p><\/p>\n\n\n\n<p><\/p>\n\n\n\n<p><\/p>\n\n\n\n<p><\/p>\n\n\n\n<p><\/p>\n\n\n\n<h3 class=\"wp-block-heading\"><strong>Inform\u00e1cie o Pobo\u010dke:<\/strong><\/h3>\n\n\n\n<ul class=\"wp-block-list\">\n<li><strong>Adresa:<\/strong> Gen. Svobodu 1069\/4, 958 01 Partiz\u00e1nske<\/li>\n\n\n\n<li><strong>Poschodie:<\/strong> Pr\u00edzemie<\/li>\n<\/ul>\n\n\n\n<h3 class=\"wp-block-heading\"><strong>Otv\u00e1racie Hodiny:<\/strong><\/h3>\n\n\n\n<ul class=\"wp-block-list\">\n<li><strong>Pondelok &#8211; Piatok:<\/strong> 8.00 &#8211; 16.00<\/li>\n\n\n\n<li><strong>Sobota:<\/strong> Zatvoren\u00e9<\/li>\n\n\n\n<li><strong>Nede\u013ea:<\/strong> Zatvoren\u00e9<\/li>\n<\/ul>\n\n\n\n<h3 class=\"wp-block-heading\"><strong>Kontakt:<\/strong><\/h3>\n\n\n\n<ul class=\"wp-block-list\">\n<li><strong>Telef\u00f3n:<\/strong> 0850 123 000<\/li>\n<\/ul>\n\n\n\n<h3 class=\"wp-block-heading\"><strong>Bankomat V\u00da<\/strong>B a Vkladomat V\u00daB<\/h3>\n\n\n\n<p>Bankomat V\u00daB, umiestnen\u00fd hne\u010f ved\u013ea vstupu do banky a budovy Biznis Centra Dukas. S \u013eahkos\u0165ou a bezpe\u010dnos\u0165ou m\u00f4\u017eete vykon\u00e1va\u0165 finan\u010dn\u00e9 transakcie a ma\u0165 pr\u00edstup k r\u00f4znym slu\u017eb\u00e1m, ktor\u00e9 V\u00daB banka pon\u00faka. Vkladomat je priamo v banke V\u00daB.<\/p>\n\n\n\n<p>T\u00fato v\u00fdhodu ocenia nielen na\u0161i n\u00e1jomcovia, ale aj v\u0161etci n\u00e1v\u0161tevn\u00edci, ktor\u00ed sa zastavia na na\u0161om mieste.<\/p>\n\n\n\n<h3 class=\"wp-block-heading\"><strong>Nav\u0161t\u00edvte N\u00e1s:<\/strong><\/h3>\n\n\n\n<p>Ak m\u00e1te z\u00e1ujem o slu\u017eby V\u00daB banky alebo jednoducho potrebujete vybavi\u0165 svoje finan\u010dn\u00e9 z\u00e1le\u017eitosti, nev\u00e1hajte nav\u0161t\u00edvi\u0165 pobo\u010dku priamo v na\u0161ej budove. Sme tu, aby sme v\u00e1m zabezpe\u010dili nielen pracovn\u00e9, ale aj pohodln\u00e9 obchodn\u00e9 prostredie.<\/p>\n\n\n\n<p>Dakujeme v\u00e1m za v\u00e1\u0161 z\u00e1ujem a te\u0161\u00edme sa, \u017ee v\u00e1s m\u00f4\u017eeme priv\u00edta\u0165 v na\u0161om obchodnom centre.<\/p>\n\n\n\n<hr class=\"wp-block-separator has-alpha-channel-opacity\"\/>\n","protected":false},"excerpt":{"rendered":"<p>V srdci n\u00e1\u0161ho modern\u00e9ho obchodn\u00e9ho centra m\u00f4\u017eete n\u00e1js\u0165 pobo\u010dku V\u0161eobecnej \u00faverovej banky, ktor\u00e1 je jedn\u00fdm z na\u0161ich hrd\u00fdch n\u00e1jomcov. Jej pr\u00edtomnos\u0165 v na\u0161ej budove prin\u00e1\u0161a&hellip;<\/p>\n","protected":false},"author":1,"featured_media":1603,"parent":0,"menu_order":0,"comment_status":"closed","ping_status":"closed","template":"","meta":{"footnotes":""},"categories":[],"tags":[],"class_list":["post-1601","page","type-page","status-publish","has-post-thumbnail","hentry"],"aioseo_notices":[],"_links":{"self":[{"href":"https:\/\/www.dukas-partizanske.sk\/index.php?rest_route=\/wp\/v2\/pages\/1601","targetHints":{"allow":["GET"]}}],"collection":[{"href":"https:\/\/www.dukas-partizanske.sk\/index.php?rest_route=\/wp\/v2\/pages"}],"about":[{"href":"https:\/\/www.dukas-partizanske.sk\/index.php?rest_route=\/wp\/v2\/types\/page"}],"author":[{"embeddable":true,"href":"https:\/\/www.dukas-partizanske.sk\/index.php?rest_route=\/wp\/v2\/users\/1"}],"replies":[{"embeddable":true,"href":"https:\/\/www.dukas-partizanske.sk\/index.php?rest_route=%2Fwp%2Fv2%2Fcomments&post=1601"}],"version-history":[{"count":2,"href":"https:\/\/www.dukas-partizanske.sk\/index.php?rest_route=\/wp\/v2\/pages\/1601\/revisions"}],"predecessor-version":[{"id":1610,"href":"https:\/\/www.dukas-partizanske.sk\/index.php?rest_route=\/wp\/v2\/pages\/1601\/revisions\/1610"}],"wp:featuredmedia":[{"embeddable":true,"href":"https:\/\/www.dukas-partizanske.sk\/index.php?rest_route=\/wp\/v2\/media\/1603"}],"wp:attachment":[{"href":"https:\/\/www.dukas-partizanske.sk\/index.php?rest_route=%2Fwp%2Fv2%2Fmedia&parent=1601"}],"wp:term":[{"taxonomy":"category","embeddable":true,"href":"https:\/\/www.dukas-partizanske.sk\/index.php?rest_route=%2Fwp%2Fv2%2Fcategories&post=1601"},{"taxonomy":"post_tag","embeddable":true,"href":"https:\/\/www.dukas-partizanske.sk\/index.php?rest_route=%2Fwp%2Fv2%2Ftags&post=1601"}],"curies":[{"name":"wp","href":"https:\/\/api.w.org\/{rel}","templated":true}]}}